{"id":1540,"date":"2025-05-29T10:47:51","date_gmt":"2025-05-29T08:47:51","guid":{"rendered":"https:\/\/legal-cosy.com\/?page_id=1540"},"modified":"2025-05-29T10:47:51","modified_gmt":"2025-05-29T08:47:51","slug":"regulamin-newslettera","status":"publish","type":"page","link":"https:\/\/legal-cosy.com\/en\/regulamin-newslettera\/","title":{"rendered":"Regulamin Newslettera"},"content":{"rendered":"\n<h2 class=\"wp-block-heading has-text-align-center has-x-large-font-size\"><strong>Regulamin newslettera<\/strong><\/h2>\n\n\n\n<p class=\"has-text-align-center wp-block-paragraph\">\u00a7 1<br>[DEFINICJE]<\/p>\n\n\n\n<p class=\"wp-block-paragraph\">W Regulaminie u\u017cywam pewnych zdefiniowanych poj\u0119\u0107. Tu znajdziesz ich wyja\u015bnienie:<\/p>\n\n\n\n<ol style=\"list-style-type:lower-alpha\" class=\"wp-block-list\">\n<li>Regulamin \u2013 niniejszy regulamin newslettera, stanowi\u0105cy regulamin \u015bwiadczenia us\u0142ug drog\u0105 elektroniczn\u0105;<\/li>\n\n\n\n<li>Us\u0142ugodawca \u2013 ja, czyli Legal&amp;Cosy Magdalena Podjacka Kancelaria Radcy Prawnego;<\/li>\n\n\n\n<li>Subskrybent \u2013 Ty, czyli osoba, kt\u00f3ra dokonuje zapisu na newsletter i do kt\u00f3rej kieruj\u0119 materia\u0142y w ramach tej us\u0142ugi;<\/li>\n\n\n\n<li>Strona Internetowa \u2013 moja strona internetowa, dost\u0119pna pod adresem <a href=\"http:\/\/www.legal-cosy.com\" rel=\"nofollow\">http:\/\/www.legal-cosy.com<\/a>;<\/li>\n\n\n\n<li>Formularz Zapisu \u2013 formularz za pomoc\u0105 kt\u00f3rego zapisujesz si\u0119 na newsletter;<\/li>\n\n\n\n<li>Umowa o Newsletter \u2013 umowa o dostarczanie us\u0142ugi newslettera, kt\u00f3r\u0105 zawieram z Tob\u0105;<\/li>\n\n\n\n<li>Umowa o dostarczenie tre\u015bci cyfrowych \u2013 umowa o dostarczenie przeze mnie tre\u015bci cyfrowych (np. e-booka, checklisty), w zamian za udost\u0119pnienie przez Ciebie swoich danych osobowych i zapisu na newsletter;<\/li>\n\n\n\n<li>Polityka prywatno\u015bci \u2013 Polityka prywatno\u015bci i cookies, dost\u0119pna <a href=\"https:\/\/legal-cosy.com\/polityka-prywatnosci-i-cookies\/\" target=\"_blank\" rel=\"noreferrer noopener\">tutaj<\/a>.<\/li>\n<\/ol>\n\n\n\n<p class=\"has-text-align-center wp-block-paragraph\">\u00a7 2<br>[POSTANOWIENIA OG\u00d3LNE]<\/p>\n\n\n\n<ol class=\"wp-block-list\">\n<li>Regulamin opisuje zasady korzystania z us\u0142ugi newslettera, w tym spos\u00f3b zapisania si\u0119 i rezygnacji oraz warunki techniczne, jakie musisz spe\u0142ni\u0107.<\/li>\n\n\n\n<li>Mo\u017cesz si\u0119 ze mn\u0105 skontaktowa\u0107 w nast\u0119puj\u0105cy spos\u00f3b:<\/li>\n\n\n\n<li>mailowo: <a href=\"mailto:kontakt@legal-cosy.com\">kontakt@legal-cosy.com<\/a><\/li>\n\n\n\n<li>telefonicznie: 691\u00a0303\u00a0361<\/li>\n\n\n\n<li>korespondencyjnie: ul. Powidoki 13, Jankowice, 62-080 Tarnowo Podg\u00f3rne.<\/li>\n\n\n\n<li>Powy\u017csze dane stanowi\u0105 te\u017c punkt kontaktowy w rozumieniu aktu o us\u0142ugach cyfrowych (do komunikacji z organami pa\u0144stw cz\u0142onkowskich UE, Komisj\u0105 UE).<\/li>\n\n\n\n<li>Przed skorzystaniem z moich us\u0142ug zapoznaj si\u0119 z Regulaminem przed skorzystaniem z us\u0142ugi.<\/li>\n\n\n\n<li>Zasady opisane w Regulaminie dotycz\u0105 zar\u00f3wno mnie, jak i Ciebie \u2013 obie strony musz\u0105 ich przestrzega\u0107.<\/li>\n\n\n\n<li>Zawsze masz bezp\u0142atny dost\u0119p do Regulaminu \u2013 umieszczam go w widocznym miejscu na Stronie Internetowej. Robi\u0119 to w takiej formie, kt\u00f3ra pozwoli Ci go r\u00f3wnie\u017c utrwali\u0107 (np. skopiowa\u0107 tre\u015b\u0107 i zapisa\u0107 na Twoim urz\u0105dzeniu).<\/li>\n<\/ol>\n\n\n\n<p class=\"has-text-align-center wp-block-paragraph\">\u00a7 3<br>[\u015aWIADCZONE US\u0141UGI]<\/p>\n\n\n\n<ol class=\"wp-block-list\">\n<li>\u015awiadcz\u0119 na rzecz Subskrybent\u00f3w us\u0142ug\u0119 newslettera. Oznacza to, \u017ce na wskazany przez Ciebie adres e-mail przesy\u0142am cyklicznie przygotowane przez siebie dodatkowe informacje i materia\u0142y.<\/li>\n\n\n\n<li>Je\u015bli chcesz zawrze\u0107 ze mn\u0105 Umow\u0119 o Newsletter lub Umow\u0119 o dostarczenie tre\u015bci cyfrowych, musisz zaakceptowa\u0107 ten Regulamin.<\/li>\n\n\n\n<li>Akceptujesz Regulamin dobrowolnie, ale w przypadku braku akceptacji nie mog\u0119 \u015bwiadczy\u0107 us\u0142ug opisanych w Regulaminie.<\/li>\n\n\n\n<li>Je\u015bli nie akceptujesz Regulaminu, masz mo\u017cliwo\u015b\u0107 uzyskania ode mnie us\u0142ug za dodatkow\u0105 odp\u0142atno\u015bci\u0105 \u2013 w tym celu skontaktuj si\u0119 ze mn\u0105.<\/li>\n<\/ol>\n\n\n\n<p class=\"has-text-align-center wp-block-paragraph\">\u00a7 4<br>[WARUNKI KORZYSTANIA]<\/p>\n\n\n\n<ol class=\"wp-block-list\">\n<li>Je\u015bli chcesz skorzysta\u0107 z us\u0142ugi newslettera lub dostarczanych przeze mnie innych tre\u015bci cyfrowych, zapewnij sobie dost\u0119p do urz\u0105dzenia ko\u0144cowego (np. komputer, telefon) wraz z przegl\u0105dark\u0105 internetow\u0105, dost\u0119p do Internetu oraz aktywne konto e-mail. Je\u017celi chcesz skorzysta\u0107 z produkt\u00f3w cyfrowych, zapewnij sobie odpowiednie oprogramowanie umo\u017cliwiaj\u0105ce odtworzenie okre\u015blonych format\u00f3w plik\u00f3w (najcz\u0119\u015bciej s\u0105 to pliki w formacie pdf)<\/li>\n\n\n\n<li>Korzystanie z us\u0142ug mo\u017ce wi\u0105za\u0107 si\u0119 z ryzykiem zwi\u0105zanym z bezpiecze\u0144stwem w Internecie.<\/li>\n\n\n\n<li>Nie mo\u017cesz dostarcza\u0107 lub udost\u0119pnia\u0107 tre\u015bci o charakterze bezprawnym (np. obra\u017aliwych, naruszaj\u0105cych prawa innych os\u00f3b), w tym za po\u015brednictwem Formularza Zapisu lub komentarzy.<\/li>\n<\/ol>\n\n\n\n<p class=\"has-text-align-center wp-block-paragraph\">\u00a7 5<br>[ZAWIERAMY UMOWY]<\/p>\n\n\n\n<ol start=\"1\" class=\"wp-block-list\">\n<li>Zawierasz ze mn\u0105 Umow\u0119 o Newsletter, kiedy wykonasz poni\u017csze czynno\u015bci:<\/li>\n\n\n\n<li>podasz sw\u00f3j adres e-mail w Formularzu Zapisu;<\/li>\n\n\n\n<li>klikniesz przycisk \u201eZapisuj\u0119 si\u0119!\u201d (lub przycisk o takim samym znaczeniu) na Stronie Internetowej \u2013 tak\u017ce na podstronie dedykowanej dodatkowym tre\u015bciom cyfrowym (tzw. landing page, np. kiedy chcesz pobra\u0107 oferowany przeze mnie e-book lub inny materia\u0142);<\/li>\n\n\n\n<li>zaakceptujesz Regulamin \u2013 w przypadku Formularza Zapisu umieszczonego na landing page;<\/li>\n\n\n\n<li>potwierdzisz ch\u0119\u0107 zapisu poprzez klikni\u0119cie linku przes\u0142anego na wskazany przez Ciebie adres e-mail (mechanizm double opt-in).<\/li>\n<\/ol>\n\n\n\n<ol start=\"5\" class=\"wp-block-list\">\n<li>Umowa o Newsletter zawierana jest na czas nieokre\u015blony, a us\u0142uga newslettera jest dostarczana przez Sprzedawc\u0119 nieodp\u0142atnie.<\/li>\n\n\n\n<li>Mo\u017cesz rozwi\u0105za\u0107 Umow\u0119 w ka\u017cdym czasie. Oznacza to, \u017ce po prostu mo\u017cesz si\u0119 wypisa\u0107. W ka\u017cdej wiadomo\u015bci wysy\u0142anej przeze mnie w ramach newslettera znajdziesz link s\u0142u\u017c\u0105cy do rezygnacji. Wystarczy, \u017ce go klikniesz.<\/li>\n\n\n\n<li>Zawierasz ze mn\u0105 Umow\u0119 o dostarczenie tre\u015bci cyfrowych, kiedy wykonasz poni\u017csze czynno\u015bci:<\/li>\n\n\n\n<li>podasz sw\u00f3j adres e-mail w Formularzu Zapisu;<\/li>\n\n\n\n<li>klikniesz przycisk \u201eZapisuj\u0119 si\u0119!\u201d (lub przycisk o takim samym znaczeniu) na mojej stronie dedykowanej dodatkowym tre\u015bciom cyfrowym (tzw. landing page, np. kiedy chcesz pobra\u0107 oferowany przeze mnie e-book lub inny materia\u0142);<\/li>\n\n\n\n<li>zaakceptujesz Regulamin;<\/li>\n\n\n\n<li>potwierdzisz ch\u0119\u0107 otrzymania produktu cyfrowego poprzez klikni\u0119cie linku przes\u0142anego na wskazany przez Ciebie adres e-mail (mechanizm double opt-in).<\/li>\n\n\n\n<li>Zawarcie Umowy o dostarczenie tre\u015bci cyfrowych zawsze wi\u0105\u017ce si\u0119 z zawarciem Umowy o Newsletter.<\/li>\n\n\n\n<li>Po zawarciu Umowy o dostarczenie tre\u015bci cyfrowych, odpowiedni produkt jest wysy\u0142any do Ciebie od razu.<\/li>\n<\/ol>\n\n\n\n<p class=\"has-text-align-center wp-block-paragraph\">\u00a7 6<br>[PRAWO DO ODST\u0104PIENIA OD UMOWY]<\/p>\n\n\n\n<p class=\"wp-block-paragraph\">Zgadzasz si\u0119 na to, \u017ce zaczn\u0119 \u015bwiadczy\u0107 us\u0142ugi newslettera lub prze\u015bl\u0119 Ci tre\u015b\u0107 cyfrow\u0105 od razu, czyli przed up\u0142ywem terminu na odst\u0105pienie od umowy). To znaczy, \u017ce nie mo\u017cesz ju\u017c odst\u0105pi\u0107 od naszej umowy. Pami\u0119taj, \u017ce w ka\u017cdej chwili mo\u017cesz wypisa\u0107 si\u0119 z newslettera.<\/p>\n\n\n\n<p class=\"has-text-align-center wp-block-paragraph\">\u00a7 7<br>[REKLAMACJE]<\/p>\n\n\n\n<ol start=\"1\" class=\"wp-block-list\">\n<li>Je\u015bli us\u0142ugi nie spe\u0142niaj\u0105 Twoich oczekiwa\u0144, mo\u017cesz z\u0142o\u017cy\u0107 reklamacj\u0119. Wykorzystaj jeden ze sposob\u00f3w kontakt\u00f3w wskazany na pocz\u0105tku regulaminu.<\/li>\n\n\n\n<li>Rozpatrz\u0119 Twoj\u0105 reklamacj\u0119 w ci\u0105gu 14 dni i poinformuj\u0119 Ci\u0119 o mojej decyzji e-mailem, chyba \u017ce wska\u017cesz inn\u0105 preferowan\u0105 form\u0119 kontaktu.<\/li>\n<\/ol>\n\n\n\n<p class=\"has-text-align-center wp-block-paragraph\">\u00a7 8<br>[OCHRONA DANYCH OSOBOWYCH]<\/p>\n\n\n\n<p class=\"wp-block-paragraph\">Bezpiecze\u0144stwo Twoich danych jest dla mnie bardzo wa\u017cne. Szczeg\u00f3\u0142owe zasady dotycz\u0105ce przetwarzania danych osobowych opisa\u0142am w <a href=\"https:\/\/legal-cosy.com\/polityka-prywatnosci-i-cookies\/\" target=\"_blank\" rel=\"noreferrer noopener\">Polityce Prywatno\u015bci<\/a>.<\/p>\n\n\n\n<p class=\"has-text-align-center wp-block-paragraph\">\u00a7 9<br>[POSTANOWIENIA KO\u0143COWE]<\/p>\n\n\n\n<ol class=\"wp-block-list\">\n<li>Regulamin obowi\u0105zuje od 20 maja 2025 r.<\/li>\n\n\n\n<li>Je\u015bli co\u015b nie jest uregulowane w Regulaminie, stosujemy zasady wynikaj\u0105ce z przepis\u00f3w prawa (np. ustawy o prawach konsumenta, ustawy o \u015bwiadczeniu us\u0142ug drog\u0105 elektroniczn\u0105).<\/li>\n\n\n\n<li>Mog\u0119 zmienia\u0107 Regulamin, ale w takim przypadku poinformuj\u0119 Ci\u0119 o zmianie miesi\u0105c wcze\u015bniej. Prze\u015bl\u0119 powiadomienie e-mailem, wskazuj\u0105c co si\u0119 zmieni i planowan\u0105 tre\u015b\u0107 Regulaminu po zmianach. Takie same informacje znajd\u0105 si\u0119 na Stronie Internetowej.<\/li>\n<\/ol>\n","protected":false},"excerpt":{"rendered":"<p>Regulamin newslettera \u00a7 1[DEFINICJE] W Regulaminie u\u017cywam pewnych zdefiniowanych poj\u0119\u0107. Tu znajdziesz ich wyja\u015bnienie: \u00a7 2[POSTANOWIENIA OG\u00d3LNE] \u00a7 3[\u015aWIADCZONE US\u0141UGI] \u00a7 4[WARUNKI KORZYSTANIA] \u00a7 5[ZAWIERAMY UMOWY] \u00a7 6[PRAWO DO ODST\u0104PIENIA OD UMOWY] Zgadzasz si\u0119 na to, \u017ce zaczn\u0119 \u015bwiadczy\u0107 us\u0142ugi newslettera lub prze\u015bl\u0119 Ci tre\u015b\u0107 cyfrow\u0105 od razu, czyli przed up\u0142ywem terminu na odst\u0105pienie od [&hellip;]<\/p>\n","protected":false},"author":261270560,"featured_media":0,"parent":0,"menu_order":0,"comment_status":"closed","ping_status":"closed","template":"","meta":{"_crdt_document":"","footnotes":""},"class_list":["post-1540","page","type-page","status-publish","hentry"],"yoast_head":"<!-- This site is optimized with the Yoast SEO plugin v27.4 - https:\/\/yoast.com\/product\/yoast-seo-wordpress\/ -->\n<title>Regulamin Newslettera - Legal &amp; Cosy<\/title>\n<meta name=\"robots\" content=\"index, follow, max-snippet:-1, max-image-preview:large, max-video-preview:-1\" \/>\n<link rel=\"canonical\" href=\"https:\/\/legal-cosy.com\/en\/regulamin-newslettera\/\" \/>\n<meta property=\"og:locale\" content=\"en_GB\" \/>\n<meta property=\"og:type\" content=\"article\" \/>\n<meta property=\"og:title\" content=\"Regulamin Newslettera - Legal &amp; Cosy\" \/>\n<meta property=\"og:description\" content=\"Regulamin newslettera \u00a7 1[DEFINICJE] W Regulaminie u\u017cywam pewnych zdefiniowanych poj\u0119\u0107. Tu znajdziesz ich wyja\u015bnienie: \u00a7 2[POSTANOWIENIA OG\u00d3LNE] \u00a7 3[\u015aWIADCZONE US\u0141UGI] \u00a7 4[WARUNKI KORZYSTANIA] \u00a7 5[ZAWIERAMY UMOWY] \u00a7 6[PRAWO DO ODST\u0104PIENIA OD UMOWY] Zgadzasz si\u0119 na to, \u017ce zaczn\u0119 \u015bwiadczy\u0107 us\u0142ugi newslettera lub prze\u015bl\u0119 Ci tre\u015b\u0107 cyfrow\u0105 od razu, czyli przed up\u0142ywem terminu na odst\u0105pienie od [&hellip;]\" \/>\n<meta property=\"og:url\" content=\"https:\/\/legal-cosy.com\/en\/regulamin-newslettera\/\" \/>\n<meta property=\"og:site_name\" content=\"Legal &amp; Cosy\" \/>\n<meta name=\"twitter:card\" content=\"summary_large_image\" \/>\n<meta name=\"twitter:label1\" content=\"Estimated reading time\" \/>\n\t<meta name=\"twitter:data1\" content=\"5 minutes\" \/>\n<script type=\"application\/ld+json\" class=\"yoast-schema-graph\">{\"@context\":\"https:\\\/\\\/schema.org\",\"@graph\":[{\"@type\":\"WebPage\",\"@id\":\"https:\\\/\\\/legal-cosy.com\\\/regulamin-newslettera\\\/\",\"url\":\"https:\\\/\\\/legal-cosy.com\\\/regulamin-newslettera\\\/\",\"name\":\"Regulamin Newslettera - Legal &amp; Cosy\",\"isPartOf\":{\"@id\":\"https:\\\/\\\/legal-cosy.com\\\/#website\"},\"datePublished\":\"2025-05-29T08:47:51+00:00\",\"breadcrumb\":{\"@id\":\"https:\\\/\\\/legal-cosy.com\\\/regulamin-newslettera\\\/#breadcrumb\"},\"inLanguage\":\"en-GB\",\"potentialAction\":[{\"@type\":\"ReadAction\",\"target\":[\"https:\\\/\\\/legal-cosy.com\\\/regulamin-newslettera\\\/\"]}]},{\"@type\":\"BreadcrumbList\",\"@id\":\"https:\\\/\\\/legal-cosy.com\\\/regulamin-newslettera\\\/#breadcrumb\",\"itemListElement\":[{\"@type\":\"ListItem\",\"position\":1,\"name\":\"Strona g\u0142\u00f3wna\",\"item\":\"https:\\\/\\\/legal-cosy.com\\\/\"},{\"@type\":\"ListItem\",\"position\":2,\"name\":\"Regulamin Newslettera\"}]},{\"@type\":\"WebSite\",\"@id\":\"https:\\\/\\\/legal-cosy.com\\\/#website\",\"url\":\"https:\\\/\\\/legal-cosy.com\\\/\",\"name\":\"Legal & Cosy\",\"description\":\"Doradztwo w zakresie prawa korporacyjnego, reorganizacji dzia\u0142alno\u015bci, a tak\u017ce ochrony danych osobowych (RODO), e-commerce i merketingu\",\"publisher\":{\"@id\":\"https:\\\/\\\/legal-cosy.com\\\/#organization\"},\"potentialAction\":[{\"@type\":\"SearchAction\",\"target\":{\"@type\":\"EntryPoint\",\"urlTemplate\":\"https:\\\/\\\/legal-cosy.com\\\/?s={search_term_string}\"},\"query-input\":{\"@type\":\"PropertyValueSpecification\",\"valueRequired\":true,\"valueName\":\"search_term_string\"}}],\"inLanguage\":\"en-GB\"},{\"@type\":\"Organization\",\"@id\":\"https:\\\/\\\/legal-cosy.com\\\/#organization\",\"name\":\"Legal & Cosy Magdalena Podjacka Kancelaria Radcy Prawnego\",\"url\":\"https:\\\/\\\/legal-cosy.com\\\/\",\"logo\":{\"@type\":\"ImageObject\",\"inLanguage\":\"en-GB\",\"@id\":\"https:\\\/\\\/legal-cosy.com\\\/#\\\/schema\\\/logo\\\/image\\\/\",\"url\":\"https:\\\/\\\/i0.wp.com\\\/legal-cosy.com\\\/wp-content\\\/uploads\\\/2025\\\/01\\\/new-logo2-1.png?fit=5324%2C3332&ssl=1\",\"contentUrl\":\"https:\\\/\\\/i0.wp.com\\\/legal-cosy.com\\\/wp-content\\\/uploads\\\/2025\\\/01\\\/new-logo2-1.png?fit=5324%2C3332&ssl=1\",\"width\":5324,\"height\":3332,\"caption\":\"Legal & Cosy Magdalena Podjacka Kancelaria Radcy Prawnego\"},\"image\":{\"@id\":\"https:\\\/\\\/legal-cosy.com\\\/#\\\/schema\\\/logo\\\/image\\\/\"},\"sameAs\":[\"https:\\\/\\\/www.linkedin.com\\\/in\\\/magdalena-podjacka\\\/\"]}]}<\/script>\n<!-- \/ Yoast SEO plugin. -->","yoast_head_json":{"title":"Regulamin Newslettera - Legal &amp; Cosy","robots":{"index":"index","follow":"follow","max-snippet":"max-snippet:-1","max-image-preview":"max-image-preview:large","max-video-preview":"max-video-preview:-1"},"canonical":"https:\/\/legal-cosy.com\/en\/regulamin-newslettera\/","og_locale":"en_GB","og_type":"article","og_title":"Regulamin Newslettera - Legal &amp; Cosy","og_description":"Regulamin newslettera \u00a7 1[DEFINICJE] W Regulaminie u\u017cywam pewnych zdefiniowanych poj\u0119\u0107. Tu znajdziesz ich wyja\u015bnienie: \u00a7 2[POSTANOWIENIA OG\u00d3LNE] \u00a7 3[\u015aWIADCZONE US\u0141UGI] \u00a7 4[WARUNKI KORZYSTANIA] \u00a7 5[ZAWIERAMY UMOWY] \u00a7 6[PRAWO DO ODST\u0104PIENIA OD UMOWY] Zgadzasz si\u0119 na to, \u017ce zaczn\u0119 \u015bwiadczy\u0107 us\u0142ugi newslettera lub prze\u015bl\u0119 Ci tre\u015b\u0107 cyfrow\u0105 od razu, czyli przed up\u0142ywem terminu na odst\u0105pienie od [&hellip;]","og_url":"https:\/\/legal-cosy.com\/en\/regulamin-newslettera\/","og_site_name":"Legal &amp; Cosy","twitter_card":"summary_large_image","twitter_misc":{"Estimated reading time":"5 minutes"},"schema":{"@context":"https:\/\/schema.org","@graph":[{"@type":"WebPage","@id":"https:\/\/legal-cosy.com\/regulamin-newslettera\/","url":"https:\/\/legal-cosy.com\/regulamin-newslettera\/","name":"Regulamin Newslettera - Legal &amp; Cosy","isPartOf":{"@id":"https:\/\/legal-cosy.com\/#website"},"datePublished":"2025-05-29T08:47:51+00:00","breadcrumb":{"@id":"https:\/\/legal-cosy.com\/regulamin-newslettera\/#breadcrumb"},"inLanguage":"en-GB","potentialAction":[{"@type":"ReadAction","target":["https:\/\/legal-cosy.com\/regulamin-newslettera\/"]}]},{"@type":"BreadcrumbList","@id":"https:\/\/legal-cosy.com\/regulamin-newslettera\/#breadcrumb","itemListElement":[{"@type":"ListItem","position":1,"name":"Strona g\u0142\u00f3wna","item":"https:\/\/legal-cosy.com\/"},{"@type":"ListItem","position":2,"name":"Regulamin Newslettera"}]},{"@type":"WebSite","@id":"https:\/\/legal-cosy.com\/#website","url":"https:\/\/legal-cosy.com\/","name":"Legal & Cosy","description":"Doradztwo w zakresie prawa korporacyjnego, reorganizacji dzia\u0142alno\u015bci, a tak\u017ce ochrony danych osobowych (RODO), e-commerce i merketingu","publisher":{"@id":"https:\/\/legal-cosy.com\/#organization"},"potentialAction":[{"@type":"SearchAction","target":{"@type":"EntryPoint","urlTemplate":"https:\/\/legal-cosy.com\/?s={search_term_string}"},"query-input":{"@type":"PropertyValueSpecification","valueRequired":true,"valueName":"search_term_string"}}],"inLanguage":"en-GB"},{"@type":"Organization","@id":"https:\/\/legal-cosy.com\/#organization","name":"Legal & Cosy Magdalena Podjacka Kancelaria Radcy Prawnego","url":"https:\/\/legal-cosy.com\/","logo":{"@type":"ImageObject","inLanguage":"en-GB","@id":"https:\/\/legal-cosy.com\/#\/schema\/logo\/image\/","url":"https:\/\/i0.wp.com\/legal-cosy.com\/wp-content\/uploads\/2025\/01\/new-logo2-1.png?fit=5324%2C3332&ssl=1","contentUrl":"https:\/\/i0.wp.com\/legal-cosy.com\/wp-content\/uploads\/2025\/01\/new-logo2-1.png?fit=5324%2C3332&ssl=1","width":5324,"height":3332,"caption":"Legal & Cosy Magdalena Podjacka Kancelaria Radcy Prawnego"},"image":{"@id":"https:\/\/legal-cosy.com\/#\/schema\/logo\/image\/"},"sameAs":["https:\/\/www.linkedin.com\/in\/magdalena-podjacka\/"]}]}},"jetpack_likes_enabled":false,"jetpack_sharing_enabled":true,"jetpack_shortlink":"https:\/\/wp.me\/PgjC5b-oQ","jetpack-related-posts":[],"_links":{"self":[{"href":"https:\/\/legal-cosy.com\/en\/wp-json\/wp\/v2\/pages\/1540","targetHints":{"allow":["GET"]}}],"collection":[{"href":"https:\/\/legal-cosy.com\/en\/wp-json\/wp\/v2\/pages"}],"about":[{"href":"https:\/\/legal-cosy.com\/en\/wp-json\/wp\/v2\/types\/page"}],"author":[{"embeddable":true,"href":"https:\/\/legal-cosy.com\/en\/wp-json\/wp\/v2\/users\/261270560"}],"replies":[{"embeddable":true,"href":"https:\/\/legal-cosy.com\/en\/wp-json\/wp\/v2\/comments?post=1540"}],"version-history":[{"count":1,"href":"https:\/\/legal-cosy.com\/en\/wp-json\/wp\/v2\/pages\/1540\/revisions"}],"predecessor-version":[{"id":1541,"href":"https:\/\/legal-cosy.com\/en\/wp-json\/wp\/v2\/pages\/1540\/revisions\/1541"}],"wp:attachment":[{"href":"https:\/\/legal-cosy.com\/en\/wp-json\/wp\/v2\/media?parent=1540"}],"curies":[{"name":"wp","href":"https:\/\/api.w.org\/{rel}","templated":true}]}}