{"id":175,"date":"2025-01-27T22:57:31","date_gmt":"2025-01-27T21:57:31","guid":{"rendered":"https:\/\/legal-cosy.com\/?page_id=175"},"modified":"2025-05-19T14:44:33","modified_gmt":"2025-05-19T12:44:33","slug":"prawo-korporacyjne-i-biezaca-obsluga","status":"publish","type":"page","link":"https:\/\/legal-cosy.com\/en\/prawo-korporacyjne-i-biezaca-obsluga\/","title":{"rendered":"Corporate law and ongoing legal support"},"content":{"rendered":"<div class=\"wp-block-cover is-light cover-hover\"><img data-recalc-dims=\"1\" decoding=\"async\" width=\"5184\" height=\"3888\" data-attachment-id=\"195\" data-permalink=\"https:\/\/legal-cosy.com\/en\/pexels-sevenstormphotography-443383\/\" data-orig-file=\"https:\/\/i0.wp.com\/legal-cosy.com\/wp-content\/uploads\/2025\/01\/pexels-sevenstormphotography-443383.jpg?fit=5184%2C3888&amp;ssl=1\" data-orig-size=\"5184,3888\" data-comments-opened=\"1\" data-image-meta=\"{&quot;aperture&quot;:&quot;0&quot;,&quot;credit&quot;:&quot;&quot;,&quot;camera&quot;:&quot;&quot;,&quot;caption&quot;:&quot;&quot;,&quot;created_timestamp&quot;:&quot;0&quot;,&quot;copyright&quot;:&quot;&quot;,&quot;focal_length&quot;:&quot;0&quot;,&quot;iso&quot;:&quot;0&quot;,&quot;shutter_speed&quot;:&quot;0&quot;,&quot;title&quot;:&quot;&quot;,&quot;orientation&quot;:&quot;0&quot;}\" data-image-title=\"pexels-sevenstormphotography-443383\" data-image-description=\"&lt;p&gt;Prawo korporacyjne i bie\u017c\u0105ca obs\u0142uga&lt;\/p&gt;\" data-image-caption=\"&lt;p&gt;Prawo korporacyjne i bie\u017c\u0105ca obs\u0142uga&lt;\/p&gt;\" data-large-file=\"https:\/\/i0.wp.com\/legal-cosy.com\/wp-content\/uploads\/2025\/01\/pexels-sevenstormphotography-443383.jpg?fit=1024%2C768&amp;ssl=1\" class=\"wp-block-cover__image-background wp-image-195 size-full lazyload\" alt=\"obs\u0142uga prawna sp\u00f3\u0142ek\" data-src=\"https:\/\/i0.wp.com\/legal-cosy.com\/wp-content\/uploads\/2025\/01\/pexels-sevenstormphotography-443383.jpg?resize=5184%2C3888&#038;ssl=1\" data-object-fit=\"cover\" src=\"data:image\/svg+xml;base64,PHN2ZyB3aWR0aD0iMSIgaGVpZ2h0PSIxIiB4bWxucz0iaHR0cDovL3d3dy53My5vcmcvMjAwMC9zdmciPjwvc3ZnPg==\" style=\"--smush-placeholder-width: 5184px; --smush-placeholder-aspect-ratio: 5184\/3888;\" \/><span aria-hidden=\"true\" class=\"wp-block-cover__background has-background-dim\" style=\"background-color:#75999e\"><\/span><div class=\"wp-block-cover__inner-container is-layout-flow wp-block-cover-is-layout-flow\">\n<h1 class=\"wp-block-heading has-text-align-center has-secondary-color has-text-color has-link-color has-x-large-font-size wp-elements-ff90f427e002b6afbb8067630354ebc4\">Prawo korporacyjne i bie\u017c\u0105ca obs\u0142uga prawna sp\u00f3\u0142ek<\/h1>\n<\/div><\/div>\n\n\n\n<div style=\"height:37px\" aria-hidden=\"true\" class=\"wp-block-spacer\"><\/div>\n\n\n\n<h2 class=\"wp-block-heading\" style=\"font-size:1.5rem\">Prowadzenie sp\u00f3\u0142ki to nie tylko biznesowy rozw\u00f3j, ale te\u017c obowi\u0105zki prawne, kt\u00f3re \u2013 je\u015bli s\u0105 zignorowane \u2013 mog\u0105 kosztowa\u0107 Ci\u0119 czas, pieni\u0105dze i nerwy. <strong>Pomagam Ci zadba\u0107 o formalno\u015bci, zanim stan\u0105 si\u0119 problemem.<\/strong> Pracuj\u0119 z ma\u0142ymi i \u015brednimi przedsi\u0119biorcami, kt\u00f3rzy chc\u0105 mie\u0107 spokojn\u0105 g\u0142ow\u0119 i zaufanego partnera prawnego obok. Nie musisz zna\u0107 wszystkich przepis\u00f3w \u2013 wystarczy, \u017ce wiesz, kiedy zapyta\u0107.<\/h2>\n\n\n\n<h2 class=\"wp-block-heading has-text-align-left\" style=\"font-size:1.5rem\">Oferuj\u0119 kompleksow\u0105 i elastyczn\u0105 obs\u0142ug\u0119 prawn\u0105 sp\u00f3\u0142ek \u2013 dostosowan\u0105 do Twojej bran\u017cy, skali i realnych potrzeb. Ty mo\u017cesz w spokoju zajmowa\u0107 si\u0119 stron\u0105 biznesow\u0105. Prawo korporacyjne i bie\u017c\u0105ca ob\u0142suga prawna przedsi\u0119biorc\u00f3w to co\u015b, czym zajmuj\u0119 si\u0119 od lat, wi\u0119c ch\u0119tnie pomog\u0119 tak\u017ce Tobie!<\/h2>\n\n\n\n<h3 class=\"wp-block-heading has-text-align-left has-primary-color has-text-color has-link-color wp-elements-db04d5f766b88c0511879b24ed9fa89d\"><br>Jak konkretnie mog\u0119 Ci pom\u00f3c?<\/h3>\n\n\n\n<p class=\"wp-block-paragraph\">Nie dzia\u0142am z automatu. Zawsze pytam o kontekst, plany, potrzeby. Tylko wtedy mog\u0119 zaproponowa\u0107 rozwi\u0105zanie, kt\u00f3re rzeczywi\u015bcie dzia\u0142a \u2013 dzi\u015b i w przysz\u0142o\u015bci. Wspieram Ci\u0119 w codziennym funkcjonowaniu sp\u00f3\u0142ki i wtedy, gdy dzieje si\u0119 co\u015b wi\u0119cej. Sta\u0142a obs\u0142uga prawna sp\u00f3\u0142ek to co\u015b wi\u0119cej ni\u017c tylko praca &#8222;od do&#8221; &#8211; to budowanie zaufania i strategiczne doradztwo pod k\u0105tem prawnym.<\/p>\n\n\n\n<p class=\"wp-block-paragraph\"><\/p>\n\n\n\n<h3 class=\"wp-block-heading has-primary-color has-text-color has-link-color wp-elements-a9a62d1c65bae5e1fab3b39fd6713d85\">Dla kogo?<\/h3>\n\n\n\n<ul class=\"wp-block-list\">\n<li>Dla w\u0142a\u015bcicieli i zarz\u0105d\u00f3w sp\u00f3\u0142ek.<\/li>\n\n\n\n<li>Dla wsp\u00f3lnik\u00f3w, kt\u00f3rzy chc\u0105 mie\u0107 porz\u0105dek w dokumentach i relacjach.<\/li>\n\n\n\n<li>Dla firm, kt\u00f3re potrzebuj\u0105 regularnego kontaktu ze sprawdzonym prawnikiem lub sta\u0142ej obs\u0142ugi prawnej sp\u00f3\u0142ek.<\/li>\n\n\n\n<li>Dla przedsi\u0119biorc\u00f3w, kt\u00f3rzy chc\u0105 spa\u0107 spokojnie, wiedz\u0105c, \u017ce wszystko maj\u0105 pod kontrol\u0105.<\/li>\n<\/ul>\n\n\n\n<h3 class=\"wp-block-heading has-primary-color has-text-color has-link-color wp-elements-ff217e11a2303e750b5af264c2958f6d\">Przyk\u0142adowe obszary wsp\u00f3\u0142pracy:<\/h3>\n\n\n\n<ul class=\"wp-block-list\">\n<li>przygotowywanie uchwa\u0142 organ\u00f3w sp\u00f3\u0142ek i protoko\u0142\u00f3w (np. zamkni\u0119cie roku, zmiany w zarz\u0105dzie, zmiany w umowie sp\u00f3\u0142ki),<\/li>\n\n\n\n<li>przygotowywanie i opiniowanie um\u00f3w z kontrahentami i klientami,<\/li>\n\n\n\n<li>przygotowywanie i opiniowanie um\u00f3w z pracownikami i wsp\u00f3\u0142pracownikami,<\/li>\n\n\n\n<li>bie\u017c\u0105ce konsultacje w sprawach, kt\u00f3re budz\u0105 Twoje w\u0105tpliwo\u015bci,<\/li>\n\n\n\n<li>wsparcie w odzyskiwaniu nale\u017cno\u015bci \u2013 bez zb\u0119dnej agresji, ale skutecznie.<\/li>\n<\/ul>\n\n\n\n<h3 class=\"wp-block-heading has-primary-color has-text-color has-link-color wp-elements-809fa390a60656d878c73befc3af1754\">Co zyskujesz?<\/h3>\n\n\n\n<ul class=\"wp-block-list\">\n<li>Porz\u0105dek w dokumentach i dzia\u0142aniach sp\u00f3\u0142ki.<\/li>\n\n\n\n<li>Sta\u0142\u0105 obs\u0142ug\u0119 prawn\u0105 sp\u00f3\u0142ki.<\/li>\n\n\n\n<li>Jasno\u015b\u0107, co trzeba zrobi\u0107 \u2013 i dlaczego.<\/li>\n\n\n\n<li>Mo\u017cliwo\u015b\u0107 skupienia si\u0119 na biznesie, a nie na gaszeniu po\u017car\u00f3w.<\/li>\n\n\n\n<li>Pewno\u015b\u0107, \u017ce kto\u015b ogarnia to, co niewidoczne, ale kluczowe.<\/li>\n<\/ul>\n\n\n\n<hr class=\"wp-block-separator has-alpha-channel-opacity\"\/>\n\n\n\n<h3 class=\"wp-block-heading has-primary-color has-text-color has-link-color wp-elements-97b8a53b9d24b950e36afb07eb8f945f\">Chcesz sprawdzi\u0107, czy mog\u0119 pom\u00f3c te\u017c Tobie?<\/h3>\n\n\n\n<p class=\"wp-block-paragraph\"><strong>Um\u00f3w si\u0119 na wst\u0119pn\u0105 kr\u00f3tk\u0105 rozmow\u0119 \u2013 bez zobowi\u0105za\u0144.<\/strong><br>Mo\u017cemy spokojnie porozmawia\u0107 o Twojej sytuacji i sprawdzi\u0107, od czego warto zacz\u0105\u0107.<\/p>\n\n\n\n<div class=\"wp-block-buttons is-layout-flex wp-block-buttons-is-layout-flex\">\n<div class=\"wp-block-button\"><a class=\"wp-block-button__link wp-element-button\" href=\"https:\/\/legal-cosy.com\/en\/kontakt\/\">Book a call or meeting<\/a><\/div>\n<\/div>\n\n\n\n<p class=\"has-text-align-center wp-block-paragraph\">Chcesz otrzymywa\u0107 regularne dodatkowe materia\u0142y, r\u00f3wnie\u017c z zakresu obs\u0142ugi prawnej sp\u00f3\u0142ek? Zapisz si\u0119 na m\u00f3j newsletter!<\/p>\n\n\n                <div class=\"ml-embedded\" data-form=\"67jyYD\"><\/div>","protected":false},"excerpt":{"rendered":"<p>Prowadzenie sp\u00f3\u0142ki to nie tylko biznesowy rozw\u00f3j, ale te\u017c obowi\u0105zki prawne, kt\u00f3re \u2013 je\u015bli s\u0105 zignorowane \u2013 mog\u0105 kosztowa\u0107 Ci\u0119 czas, pieni\u0105dze i nerwy. Pomagam Ci zadba\u0107 o formalno\u015bci, zanim stan\u0105 si\u0119 problemem. Pracuj\u0119 z ma\u0142ymi i \u015brednimi przedsi\u0119biorcami, kt\u00f3rzy chc\u0105 mie\u0107 spokojn\u0105 g\u0142ow\u0119 i zaufanego partnera prawnego obok. Nie musisz zna\u0107 wszystkich przepis\u00f3w \u2013 [&hellip;]<\/p>\n","protected":false},"author":261270560,"featured_media":195,"parent":0,"menu_order":0,"comment_status":"closed","ping_status":"closed","template":"","meta":{"_crdt_document":"","footnotes":""},"class_list":["post-175","page","type-page","status-publish","has-post-thumbnail","hentry"],"yoast_head":"<!-- This site is optimized with the Yoast SEO plugin v27.5 - https:\/\/yoast.com\/product\/yoast-seo-wordpress\/ -->\n<title>Prawo korporacyjne i bie\u017c\u0105ca obs\u0142uga - Legal &amp; Cosy<\/title>\n<meta name=\"robots\" content=\"index, follow, max-snippet:-1, max-image-preview:large, max-video-preview:-1\" \/>\n<link rel=\"canonical\" href=\"https:\/\/legal-cosy.com\/en\/prawo-korporacyjne-i-biezaca-obsluga\/\" \/>\n<meta property=\"og:locale\" content=\"en_GB\" \/>\n<meta property=\"og:type\" content=\"article\" \/>\n<meta property=\"og:title\" content=\"Prawo korporacyjne i bie\u017c\u0105ca obs\u0142uga - Legal &amp; Cosy\" \/>\n<meta property=\"og:description\" content=\"Prowadzenie sp\u00f3\u0142ki to nie tylko biznesowy rozw\u00f3j, ale te\u017c obowi\u0105zki prawne, kt\u00f3re \u2013 je\u015bli s\u0105 zignorowane \u2013 mog\u0105 kosztowa\u0107 Ci\u0119 czas, pieni\u0105dze i nerwy. Pomagam Ci zadba\u0107 o formalno\u015bci, zanim stan\u0105 si\u0119 problemem. Pracuj\u0119 z ma\u0142ymi i \u015brednimi przedsi\u0119biorcami, kt\u00f3rzy chc\u0105 mie\u0107 spokojn\u0105 g\u0142ow\u0119 i zaufanego partnera prawnego obok. Nie musisz zna\u0107 wszystkich przepis\u00f3w \u2013 [&hellip;]\" \/>\n<meta property=\"og:url\" content=\"https:\/\/legal-cosy.com\/en\/prawo-korporacyjne-i-biezaca-obsluga\/\" \/>\n<meta property=\"og:site_name\" content=\"Legal &amp; Cosy\" \/>\n<meta property=\"article:modified_time\" content=\"2025-05-19T12:44:33+00:00\" \/>\n<meta property=\"og:image\" content=\"https:\/\/legal-cosy.com\/wp-content\/uploads\/2025\/01\/pexels-sevenstormphotography-443383.jpg\" \/>\n\t<meta property=\"og:image:width\" content=\"1365\" \/>\n\t<meta property=\"og:image:height\" content=\"1024\" \/>\n\t<meta property=\"og:image:type\" content=\"image\/jpeg\" \/>\n<meta name=\"twitter:card\" content=\"summary_large_image\" \/>\n<meta name=\"twitter:label1\" content=\"Estimated reading time\" \/>\n\t<meta name=\"twitter:data1\" content=\"3 minutes\" \/>\n<script type=\"application\/ld+json\" class=\"yoast-schema-graph\">{\"@context\":\"https:\\\/\\\/schema.org\",\"@graph\":[{\"@type\":\"WebPage\",\"@id\":\"https:\\\/\\\/legal-cosy.com\\\/prawo-korporacyjne-i-biezaca-obsluga\\\/\",\"url\":\"https:\\\/\\\/legal-cosy.com\\\/prawo-korporacyjne-i-biezaca-obsluga\\\/\",\"name\":\"Prawo korporacyjne i bie\u017c\u0105ca obs\u0142uga - Legal &amp; Cosy\",\"isPartOf\":{\"@id\":\"https:\\\/\\\/legal-cosy.com\\\/#website\"},\"primaryImageOfPage\":{\"@id\":\"https:\\\/\\\/legal-cosy.com\\\/prawo-korporacyjne-i-biezaca-obsluga\\\/#primaryimage\"},\"image\":{\"@id\":\"https:\\\/\\\/legal-cosy.com\\\/prawo-korporacyjne-i-biezaca-obsluga\\\/#primaryimage\"},\"thumbnailUrl\":\"https:\\\/\\\/i0.wp.com\\\/legal-cosy.com\\\/wp-content\\\/uploads\\\/2025\\\/01\\\/pexels-sevenstormphotography-443383.jpg?fit=5184%2C3888&ssl=1\",\"datePublished\":\"2025-01-27T21:57:31+00:00\",\"dateModified\":\"2025-05-19T12:44:33+00:00\",\"breadcrumb\":{\"@id\":\"https:\\\/\\\/legal-cosy.com\\\/prawo-korporacyjne-i-biezaca-obsluga\\\/#breadcrumb\"},\"inLanguage\":\"en-GB\",\"potentialAction\":[{\"@type\":\"ReadAction\",\"target\":[\"https:\\\/\\\/legal-cosy.com\\\/prawo-korporacyjne-i-biezaca-obsluga\\\/\"]}]},{\"@type\":\"ImageObject\",\"inLanguage\":\"en-GB\",\"@id\":\"https:\\\/\\\/legal-cosy.com\\\/prawo-korporacyjne-i-biezaca-obsluga\\\/#primaryimage\",\"url\":\"https:\\\/\\\/i0.wp.com\\\/legal-cosy.com\\\/wp-content\\\/uploads\\\/2025\\\/01\\\/pexels-sevenstormphotography-443383.jpg?fit=5184%2C3888&ssl=1\",\"contentUrl\":\"https:\\\/\\\/i0.wp.com\\\/legal-cosy.com\\\/wp-content\\\/uploads\\\/2025\\\/01\\\/pexels-sevenstormphotography-443383.jpg?fit=5184%2C3888&ssl=1\",\"width\":5184,\"height\":3888,\"caption\":\"Prawo korporacyjne i bie\u017c\u0105ca obs\u0142uga\"},{\"@type\":\"BreadcrumbList\",\"@id\":\"https:\\\/\\\/legal-cosy.com\\\/prawo-korporacyjne-i-biezaca-obsluga\\\/#breadcrumb\",\"itemListElement\":[{\"@type\":\"ListItem\",\"position\":1,\"name\":\"Strona g\u0142\u00f3wna\",\"item\":\"https:\\\/\\\/legal-cosy.com\\\/\"},{\"@type\":\"ListItem\",\"position\":2,\"name\":\"Prawo korporacyjne i bie\u017c\u0105ca obs\u0142uga\"}]},{\"@type\":\"WebSite\",\"@id\":\"https:\\\/\\\/legal-cosy.com\\\/#website\",\"url\":\"https:\\\/\\\/legal-cosy.com\\\/\",\"name\":\"Legal & Cosy\",\"description\":\"Doradztwo w zakresie prawa korporacyjnego, reorganizacji dzia\u0142alno\u015bci, a tak\u017ce ochrony danych osobowych (RODO), e-commerce i merketingu\",\"publisher\":{\"@id\":\"https:\\\/\\\/legal-cosy.com\\\/#organization\"},\"potentialAction\":[{\"@type\":\"SearchAction\",\"target\":{\"@type\":\"EntryPoint\",\"urlTemplate\":\"https:\\\/\\\/legal-cosy.com\\\/?s={search_term_string}\"},\"query-input\":{\"@type\":\"PropertyValueSpecification\",\"valueRequired\":true,\"valueName\":\"search_term_string\"}}],\"inLanguage\":\"en-GB\"},{\"@type\":\"Organization\",\"@id\":\"https:\\\/\\\/legal-cosy.com\\\/#organization\",\"name\":\"Legal & Cosy Magdalena Podjacka Kancelaria Radcy Prawnego\",\"url\":\"https:\\\/\\\/legal-cosy.com\\\/\",\"logo\":{\"@type\":\"ImageObject\",\"inLanguage\":\"en-GB\",\"@id\":\"https:\\\/\\\/legal-cosy.com\\\/#\\\/schema\\\/logo\\\/image\\\/\",\"url\":\"https:\\\/\\\/i0.wp.com\\\/legal-cosy.com\\\/wp-content\\\/uploads\\\/2025\\\/01\\\/new-logo2-1.png?fit=5324%2C3332&ssl=1\",\"contentUrl\":\"https:\\\/\\\/i0.wp.com\\\/legal-cosy.com\\\/wp-content\\\/uploads\\\/2025\\\/01\\\/new-logo2-1.png?fit=5324%2C3332&ssl=1\",\"width\":5324,\"height\":3332,\"caption\":\"Legal & Cosy Magdalena Podjacka Kancelaria Radcy Prawnego\"},\"image\":{\"@id\":\"https:\\\/\\\/legal-cosy.com\\\/#\\\/schema\\\/logo\\\/image\\\/\"},\"sameAs\":[\"https:\\\/\\\/www.linkedin.com\\\/in\\\/magdalena-podjacka\\\/\"]}]}<\/script>\n<!-- \/ Yoast SEO plugin. -->","yoast_head_json":{"title":"Prawo korporacyjne i bie\u017c\u0105ca obs\u0142uga - Legal &amp; Cosy","robots":{"index":"index","follow":"follow","max-snippet":"max-snippet:-1","max-image-preview":"max-image-preview:large","max-video-preview":"max-video-preview:-1"},"canonical":"https:\/\/legal-cosy.com\/en\/prawo-korporacyjne-i-biezaca-obsluga\/","og_locale":"en_GB","og_type":"article","og_title":"Prawo korporacyjne i bie\u017c\u0105ca obs\u0142uga - Legal &amp; Cosy","og_description":"Prowadzenie sp\u00f3\u0142ki to nie tylko biznesowy rozw\u00f3j, ale te\u017c obowi\u0105zki prawne, kt\u00f3re \u2013 je\u015bli s\u0105 zignorowane \u2013 mog\u0105 kosztowa\u0107 Ci\u0119 czas, pieni\u0105dze i nerwy. Pomagam Ci zadba\u0107 o formalno\u015bci, zanim stan\u0105 si\u0119 problemem. Pracuj\u0119 z ma\u0142ymi i \u015brednimi przedsi\u0119biorcami, kt\u00f3rzy chc\u0105 mie\u0107 spokojn\u0105 g\u0142ow\u0119 i zaufanego partnera prawnego obok. Nie musisz zna\u0107 wszystkich przepis\u00f3w \u2013 [&hellip;]","og_url":"https:\/\/legal-cosy.com\/en\/prawo-korporacyjne-i-biezaca-obsluga\/","og_site_name":"Legal &amp; Cosy","article_modified_time":"2025-05-19T12:44:33+00:00","og_image":[{"url":"https:\/\/legal-cosy.com\/wp-content\/uploads\/2025\/01\/pexels-sevenstormphotography-443383.jpg","width":1365,"height":1024,"type":"image\/jpeg"}],"twitter_card":"summary_large_image","twitter_misc":{"Estimated reading time":"3 minutes"},"schema":{"@context":"https:\/\/schema.org","@graph":[{"@type":"WebPage","@id":"https:\/\/legal-cosy.com\/prawo-korporacyjne-i-biezaca-obsluga\/","url":"https:\/\/legal-cosy.com\/prawo-korporacyjne-i-biezaca-obsluga\/","name":"Prawo korporacyjne i bie\u017c\u0105ca obs\u0142uga - Legal &amp; Cosy","isPartOf":{"@id":"https:\/\/legal-cosy.com\/#website"},"primaryImageOfPage":{"@id":"https:\/\/legal-cosy.com\/prawo-korporacyjne-i-biezaca-obsluga\/#primaryimage"},"image":{"@id":"https:\/\/legal-cosy.com\/prawo-korporacyjne-i-biezaca-obsluga\/#primaryimage"},"thumbnailUrl":"https:\/\/i0.wp.com\/legal-cosy.com\/wp-content\/uploads\/2025\/01\/pexels-sevenstormphotography-443383.jpg?fit=5184%2C3888&ssl=1","datePublished":"2025-01-27T21:57:31+00:00","dateModified":"2025-05-19T12:44:33+00:00","breadcrumb":{"@id":"https:\/\/legal-cosy.com\/prawo-korporacyjne-i-biezaca-obsluga\/#breadcrumb"},"inLanguage":"en-GB","potentialAction":[{"@type":"ReadAction","target":["https:\/\/legal-cosy.com\/prawo-korporacyjne-i-biezaca-obsluga\/"]}]},{"@type":"ImageObject","inLanguage":"en-GB","@id":"https:\/\/legal-cosy.com\/prawo-korporacyjne-i-biezaca-obsluga\/#primaryimage","url":"https:\/\/i0.wp.com\/legal-cosy.com\/wp-content\/uploads\/2025\/01\/pexels-sevenstormphotography-443383.jpg?fit=5184%2C3888&ssl=1","contentUrl":"https:\/\/i0.wp.com\/legal-cosy.com\/wp-content\/uploads\/2025\/01\/pexels-sevenstormphotography-443383.jpg?fit=5184%2C3888&ssl=1","width":5184,"height":3888,"caption":"Prawo korporacyjne i bie\u017c\u0105ca obs\u0142uga"},{"@type":"BreadcrumbList","@id":"https:\/\/legal-cosy.com\/prawo-korporacyjne-i-biezaca-obsluga\/#breadcrumb","itemListElement":[{"@type":"ListItem","position":1,"name":"Strona g\u0142\u00f3wna","item":"https:\/\/legal-cosy.com\/"},{"@type":"ListItem","position":2,"name":"Prawo korporacyjne i bie\u017c\u0105ca obs\u0142uga"}]},{"@type":"WebSite","@id":"https:\/\/legal-cosy.com\/#website","url":"https:\/\/legal-cosy.com\/","name":"Legal & Cosy","description":"Doradztwo w zakresie prawa korporacyjnego, reorganizacji dzia\u0142alno\u015bci, a tak\u017ce ochrony danych osobowych (RODO), e-commerce i merketingu","publisher":{"@id":"https:\/\/legal-cosy.com\/#organization"},"potentialAction":[{"@type":"SearchAction","target":{"@type":"EntryPoint","urlTemplate":"https:\/\/legal-cosy.com\/?s={search_term_string}"},"query-input":{"@type":"PropertyValueSpecification","valueRequired":true,"valueName":"search_term_string"}}],"inLanguage":"en-GB"},{"@type":"Organization","@id":"https:\/\/legal-cosy.com\/#organization","name":"Legal & Cosy Magdalena Podjacka Kancelaria Radcy Prawnego","url":"https:\/\/legal-cosy.com\/","logo":{"@type":"ImageObject","inLanguage":"en-GB","@id":"https:\/\/legal-cosy.com\/#\/schema\/logo\/image\/","url":"https:\/\/i0.wp.com\/legal-cosy.com\/wp-content\/uploads\/2025\/01\/new-logo2-1.png?fit=5324%2C3332&ssl=1","contentUrl":"https:\/\/i0.wp.com\/legal-cosy.com\/wp-content\/uploads\/2025\/01\/new-logo2-1.png?fit=5324%2C3332&ssl=1","width":5324,"height":3332,"caption":"Legal & Cosy Magdalena Podjacka Kancelaria Radcy Prawnego"},"image":{"@id":"https:\/\/legal-cosy.com\/#\/schema\/logo\/image\/"},"sameAs":["https:\/\/www.linkedin.com\/in\/magdalena-podjacka\/"]}]}},"jetpack_likes_enabled":false,"jetpack_sharing_enabled":true,"jetpack_shortlink":"https:\/\/wp.me\/PgjC5b-2P","jetpack-related-posts":[],"_links":{"self":[{"href":"https:\/\/legal-cosy.com\/en\/wp-json\/wp\/v2\/pages\/175","targetHints":{"allow":["GET"]}}],"collection":[{"href":"https:\/\/legal-cosy.com\/en\/wp-json\/wp\/v2\/pages"}],"about":[{"href":"https:\/\/legal-cosy.com\/en\/wp-json\/wp\/v2\/types\/page"}],"author":[{"embeddable":true,"href":"https:\/\/legal-cosy.com\/en\/wp-json\/wp\/v2\/users\/261270560"}],"replies":[{"embeddable":true,"href":"https:\/\/legal-cosy.com\/en\/wp-json\/wp\/v2\/comments?post=175"}],"version-history":[{"count":11,"href":"https:\/\/legal-cosy.com\/en\/wp-json\/wp\/v2\/pages\/175\/revisions"}],"predecessor-version":[{"id":1348,"href":"https:\/\/legal-cosy.com\/en\/wp-json\/wp\/v2\/pages\/175\/revisions\/1348"}],"wp:featuredmedia":[{"embeddable":true,"href":"https:\/\/legal-cosy.com\/en\/wp-json\/wp\/v2\/media\/195"}],"wp:attachment":[{"href":"https:\/\/legal-cosy.com\/en\/wp-json\/wp\/v2\/media?parent=175"}],"curies":[{"name":"wp","href":"https:\/\/api.w.org\/{rel}","templated":true}]}}