{"id":179,"date":"2025-01-27T22:58:22","date_gmt":"2025-01-27T21:58:22","guid":{"rendered":"https:\/\/legal-cosy.com\/?page_id=179"},"modified":"2025-05-19T15:07:41","modified_gmt":"2025-05-19T13:07:41","slug":"prawo-w-e-commerce","status":"publish","type":"page","link":"https:\/\/legal-cosy.com\/en\/prawo-w-e-commerce\/","title":{"rendered":"E-commerce law"},"content":{"rendered":"<div class=\"wp-block-cover is-light cover-hover\"><img data-recalc-dims=\"1\" decoding=\"async\" width=\"3869\" height=\"5803\" data-attachment-id=\"208\" data-permalink=\"https:\/\/legal-cosy.com\/en\/pexels-n-voitkevich-6214471\/\" data-orig-file=\"https:\/\/i0.wp.com\/legal-cosy.com\/wp-content\/uploads\/2025\/01\/pexels-n-voitkevich-6214471.jpg?fit=3869%2C5803&amp;ssl=1\" data-orig-size=\"3869,5803\" data-comments-opened=\"1\" data-image-meta=\"{&quot;aperture&quot;:&quot;0&quot;,&quot;credit&quot;:&quot;&quot;,&quot;camera&quot;:&quot;&quot;,&quot;caption&quot;:&quot;&quot;,&quot;created_timestamp&quot;:&quot;0&quot;,&quot;copyright&quot;:&quot;&quot;,&quot;focal_length&quot;:&quot;0&quot;,&quot;iso&quot;:&quot;0&quot;,&quot;shutter_speed&quot;:&quot;0&quot;,&quot;title&quot;:&quot;&quot;,&quot;orientation&quot;:&quot;0&quot;}\" data-image-title=\"pexels-n-voitkevich-6214471\" data-image-description=\"\" data-image-caption=\"&lt;p&gt;Prawo w e-commerce&lt;\/p&gt;\" data-large-file=\"https:\/\/i0.wp.com\/legal-cosy.com\/wp-content\/uploads\/2025\/01\/pexels-n-voitkevich-6214471.jpg?fit=683%2C1024&amp;ssl=1\" class=\"wp-block-cover__image-background wp-image-208 size-full lazyload\" alt=\"\" data-src=\"https:\/\/i0.wp.com\/legal-cosy.com\/wp-content\/uploads\/2025\/01\/pexels-n-voitkevich-6214471.jpg?resize=3869%2C5803&#038;ssl=1\" style=\"--smush-placeholder-width: 3869px; --smush-placeholder-aspect-ratio: 3869\/5803;object-position:81% 73%\" data-object-fit=\"cover\" data-object-position=\"81% 73%\" src=\"data:image\/svg+xml;base64,PHN2ZyB3aWR0aD0iMSIgaGVpZ2h0PSIxIiB4bWxucz0iaHR0cDovL3d3dy53My5vcmcvMjAwMC9zdmciPjwvc3ZnPg==\" \/><span aria-hidden=\"true\" class=\"wp-block-cover__background has-background-dim\" style=\"background-color:#c7c6c6\"><\/span><div class=\"wp-block-cover__inner-container is-layout-flow wp-block-cover-is-layout-flow\">\n<h1 class=\"wp-block-heading has-text-align-center has-secondary-color has-text-color has-link-color has-x-large-font-size wp-elements-bf22fe57e99ba0a74b1bac1631249c9a\">E-commerce law<\/h1>\n<\/div><\/div>\n\n\n\n<div style=\"height:37px\" aria-hidden=\"true\" class=\"wp-block-spacer\"><\/div>\n\n\n\n<h2 class=\"wp-block-heading has-text-align-left\" style=\"font-size:1.5rem\">Sprzedajesz online? Prowadzisz sklep internetowy, platform\u0119 lub oferujesz us\u0142ugi cyfrowe? A mo\u017ce dopiero przygotowujesz si\u0119 do rozpocz\u0119cia swojego biznesu? Zadbaj o to, \u017ceby Twoja dzia\u0142alno\u015b\u0107 by\u0142a zgodna z prawem \u2014 <strong>zanim zrobi to za Ciebie urz\u0105d albo niezadowolony klient<\/strong>. Prawo w e-commerce to prawdziwy g\u0105szcz przepis\u00f3w, w kt\u00f3rych czasem trudno si\u0119 odnale\u017a\u0107. Dlatego pomagam w\u0142a\u015bcicielom e-commerce <strong>uporz\u0105dkowa\u0107 dokumenty, zadba\u0107 o RODO, zabezpieczy\u0107 regulaminy, umowy i checkboxy<\/strong>, tak \u017ceby mogli skupi\u0107 si\u0119 na tym, co wa\u017cne: sprzeda\u017cy i rozwoju biznesu.<\/h2>\n\n\n\n<h3 class=\"wp-block-heading has-primary-color has-text-color has-link-color wp-elements-a9a62d1c65bae5e1fab3b39fd6713d85\">Dla kogo?<\/h3>\n\n\n\n<ul class=\"wp-block-list\">\n<li>Dla os\u00f3b uruchamiaj\u0105cych nowy sklep internetowy lub platform\u0119.<\/li>\n\n\n\n<li>Dla tw\u00f3rc\u00f3w produkt\u00f3w cyfrowych, aplikacji, subskrypcji.<\/li>\n\n\n\n<li>Dla biznes\u00f3w e-commerce, kt\u00f3re rozwijaj\u0105 si\u0119 i chc\u0105 uporz\u0105dkowa\u0107 kwestie prawne.<\/li>\n\n\n\n<li>Dla tych, kt\u00f3rzy wiedz\u0105, \u017ce regulamin z internetu to za ma\u0142o \u2013 ale nie chc\u0105 ton\u0105\u0107 w \u017cargonie prawniczym.<\/li>\n<\/ul>\n\n\n\n<h3 class=\"wp-block-heading has-primary-color has-text-color has-link-color wp-elements-6ff6356694988a828d6fabda0e7ea7ec\">Co obejmuje prawo w e-commerce?<\/h3>\n\n\n\n<p class=\"wp-block-paragraph\">Oferuj\u0119 Ci kompleksowe wsparcie w zakresie prawa w e-commerce \u2014 zar\u00f3wno na etapie startu, jak i dla dzia\u0142aj\u0105cych ju\u017c sklep\u00f3w czy platform.<br>W ramach wsp\u00f3\u0142pracy mog\u0119 przygotowa\u0107 lub przeanalizowa\u0107:<\/p>\n\n\n\n<h3 class=\"wp-block-heading\">Dokumenty sklepu:<\/h3>\n\n\n\n<ul class=\"wp-block-list\">\n<li>regulamin sklepu internetowego lub platformy sprzeda\u017cowej (r\u00f3wnie\u017c z subskrypcj\u0105, produktami cyfrowymi, aplikacjami),<\/li>\n\n\n\n<li>polityk\u0119 prywatno\u015bci i plik\u00f3w cookies,<\/li>\n\n\n\n<li>regulaminy promocji, newsletter\u00f3w, konkurs\u00f3w, opinii.<\/li>\n<\/ul>\n\n\n\n<h3 class=\"wp-block-heading\">Zgodno\u015b\u0107 z RODO:<\/h3>\n\n\n\n<ul class=\"wp-block-list\">\n<li>polityki ochrony danych osobowych,<\/li>\n\n\n\n<li>klauzule informacyjne dla podmiot\u00f3w danych, takich jak klienci, u\u017cytkownicy, pracownicy i inni,<\/li>\n\n\n\n<li>umowy powierzenia przetwarzania danych,<\/li>\n\n\n\n<li>wsparcie w poprawnym wdro\u017ceniu checkbox\u00f3w, zg\u00f3d i formularzy.<\/li>\n<\/ul>\n\n\n\n<h3 class=\"wp-block-heading\"> Audyt i wdro\u017cenie:<\/h3>\n\n\n\n<ul class=\"wp-block-list\">\n<li>audyt legalno\u015bci sklepu lub platformy (np. zgodno\u015b\u0107 z obowi\u0105zuj\u0105cymi przepisami, dyrektyw\u0105 Omnibus, GPSR),<\/li>\n\n\n\n<li>wsparcie przy wdro\u017ceniu rekomendacji \u2014 nie tylko \u201esprawdzam\u201d, ale te\u017c pomagam to poprawi\u0107.<\/li>\n<\/ul>\n\n\n\n<h3 class=\"wp-block-heading has-primary-color has-text-color has-link-color wp-elements-809fa390a60656d878c73befc3af1754\">Co zyskujesz?<\/h3>\n\n\n\n<ul class=\"wp-block-list\">\n<li><strong>Legalny i uporz\u0105dkowany sklep internetowy<\/strong> \u2014 a zatem gotowy do kontroli i profesjonalny w oczach klient\u00f3w.<\/li>\n\n\n\n<li><strong>Spok\u00f3j i pewno\u015b\u0107<\/strong>, \u017ce nie dzia\u0142asz na granicy prawa.<\/li>\n\n\n\n<li><strong>Dokumenty zrozumia\u0142e dla Ciebie i klient\u00f3w<\/strong>, nie tylko dla prawnika.<\/li>\n\n\n\n<li><strong>Poczucie, \u017ce masz kogo zapyta\u0107<\/strong> \u2014 i \u017ce nie zostajesz z tym sam(a).<\/li>\n<\/ul>\n\n\n\n<h3 class=\"wp-block-heading has-primary-color has-text-color has-link-color wp-elements-f7e71a827e8714cc665f228bf639914d\">Jak wygl\u0105da wsp\u00f3\u0142praca?<\/h3>\n\n\n\n<ol class=\"wp-block-list\">\n<li><strong>Rozmawiamy <\/strong>o Twoim sklepie\/ aplikacji\/ produkcie cyfrowym \u2013 kr\u00f3tki brief lub spotkanie. Konsultujemy si\u0119 te\u017c z osobami odpowiedzialnymi za techniczne wdro\u017cenie Twoich pomys\u0142\u00f3w.<\/li>\n\n\n\n<li>Przygotowuj\u0119 <strong>dokumenty i rekomendacje<\/strong> \u2013 dopasowane do Twojego modelu sprzeda\u017cy.<\/li>\n\n\n\n<li><strong>Pomagam we wdro\u017ceniu<\/strong> \u2013 np. konsultuj\u0119 tre\u015b\u0107 checkbox\u00f3w, uk\u0142ad formularzy.<\/li>\n\n\n\n<li>W razie potrzeby<strong> wspieram dalej<\/strong> \u2013 np. przy zmianach, kontrolach, nowych wdro\u017ceniach.<\/li>\n<\/ol>\n\n\n\n<hr class=\"wp-block-separator has-alpha-channel-opacity\"\/>\n\n\n\n<h2 class=\"wp-block-heading has-primary-color has-text-color has-link-color wp-elements-d29e9bb4b242152eeb858cddc2405f39\">Zadbaj o legalno\u015b\u0107 swojego sklepu \u2013 zanim zrobi to kto\u015b za Ciebie<\/h2>\n\n\n\n<p class=\"has-text-align-left wp-block-paragraph\">Nie musisz zna\u0107 wszystkich przepis\u00f3w \u2013 wystarczy, \u017ce chcesz prowadzi\u0107 e-commerce <strong>legalnie i \u015bwiadomie<\/strong>.<br>Um\u00f3w si\u0119 na wst\u0119pn\u0105 niezobowi\u0105zuj\u0105c\u0105 rozmow\u0119 \u2013 przyjrz\u0119 si\u0119 Twojej sytuacji i podpowiem, od czego zacz\u0105\u0107.<\/p>\n\n\n\n<div class=\"wp-block-buttons is-layout-flex wp-block-buttons-is-layout-flex\">\n<div class=\"wp-block-button\"><a class=\"wp-block-button__link wp-element-button\" href=\"https:\/\/legal-cosy.com\/en\/kontakt\/\">Book a call or meeting<\/a><\/div>\n<\/div>\n\n\n\n<p class=\"has-text-align-center wp-block-paragraph\">Chcesz otrzymywa\u0107 regularne dodatkowe materia\u0142y, r\u00f3wnie\u017c z zakresu prawa w e-commerce? Zapisz si\u0119 na m\u00f3j newsletter!<\/p>\n\n\n                <div class=\"ml-embedded\" data-form=\"67jyYD\"><\/div>","protected":false},"excerpt":{"rendered":"<p>Sprzedajesz online? Prowadzisz sklep internetowy, platform\u0119 lub oferujesz us\u0142ugi cyfrowe? A mo\u017ce dopiero przygotowujesz si\u0119 do rozpocz\u0119cia swojego biznesu? Zadbaj o to, \u017ceby Twoja dzia\u0142alno\u015b\u0107 by\u0142a zgodna z prawem \u2014 zanim zrobi to za Ciebie urz\u0105d albo niezadowolony klient. Prawo w e-commerce to prawdziwy g\u0105szcz przepis\u00f3w, w kt\u00f3rych czasem trudno si\u0119 odnale\u017a\u0107. Dlatego pomagam w\u0142a\u015bcicielom [&hellip;]<\/p>\n","protected":false},"author":261270560,"featured_media":208,"parent":0,"menu_order":0,"comment_status":"closed","ping_status":"closed","template":"","meta":{"_crdt_document":"","footnotes":""},"class_list":["post-179","page","type-page","status-publish","has-post-thumbnail","hentry"],"yoast_head":"<!-- This site is optimized with the Yoast SEO plugin v27.4 - https:\/\/yoast.com\/product\/yoast-seo-wordpress\/ -->\n<title>Prawo w e-commerce - Legal &amp; Cosy<\/title>\n<meta name=\"robots\" content=\"index, follow, max-snippet:-1, max-image-preview:large, max-video-preview:-1\" \/>\n<link rel=\"canonical\" href=\"https:\/\/legal-cosy.com\/en\/prawo-w-e-commerce\/\" \/>\n<meta property=\"og:locale\" content=\"en_GB\" \/>\n<meta property=\"og:type\" content=\"article\" \/>\n<meta property=\"og:title\" content=\"Prawo w e-commerce - Legal &amp; Cosy\" \/>\n<meta property=\"og:description\" content=\"Sprzedajesz online? Prowadzisz sklep internetowy, platform\u0119 lub oferujesz us\u0142ugi cyfrowe? A mo\u017ce dopiero przygotowujesz si\u0119 do rozpocz\u0119cia swojego biznesu? Zadbaj o to, \u017ceby Twoja dzia\u0142alno\u015b\u0107 by\u0142a zgodna z prawem \u2014 zanim zrobi to za Ciebie urz\u0105d albo niezadowolony klient. Prawo w e-commerce to prawdziwy g\u0105szcz przepis\u00f3w, w kt\u00f3rych czasem trudno si\u0119 odnale\u017a\u0107. Dlatego pomagam w\u0142a\u015bcicielom [&hellip;]\" \/>\n<meta property=\"og:url\" content=\"https:\/\/legal-cosy.com\/en\/prawo-w-e-commerce\/\" \/>\n<meta property=\"og:site_name\" content=\"Legal &amp; Cosy\" \/>\n<meta property=\"article:modified_time\" content=\"2025-05-19T13:07:41+00:00\" \/>\n<meta property=\"og:image\" content=\"https:\/\/legal-cosy.com\/wp-content\/uploads\/2025\/01\/pexels-n-voitkevich-6214471.jpg\" \/>\n\t<meta property=\"og:image:width\" content=\"683\" \/>\n\t<meta property=\"og:image:height\" content=\"1024\" \/>\n\t<meta property=\"og:image:type\" content=\"image\/jpeg\" \/>\n<meta name=\"twitter:card\" content=\"summary_large_image\" \/>\n<meta name=\"twitter:label1\" content=\"Estimated reading time\" \/>\n\t<meta name=\"twitter:data1\" content=\"3 minutes\" \/>\n<script type=\"application\/ld+json\" class=\"yoast-schema-graph\">{\"@context\":\"https:\\\/\\\/schema.org\",\"@graph\":[{\"@type\":\"WebPage\",\"@id\":\"https:\\\/\\\/legal-cosy.com\\\/prawo-w-e-commerce\\\/\",\"url\":\"https:\\\/\\\/legal-cosy.com\\\/prawo-w-e-commerce\\\/\",\"name\":\"Prawo w e-commerce - Legal &amp; Cosy\",\"isPartOf\":{\"@id\":\"https:\\\/\\\/legal-cosy.com\\\/#website\"},\"primaryImageOfPage\":{\"@id\":\"https:\\\/\\\/legal-cosy.com\\\/prawo-w-e-commerce\\\/#primaryimage\"},\"image\":{\"@id\":\"https:\\\/\\\/legal-cosy.com\\\/prawo-w-e-commerce\\\/#primaryimage\"},\"thumbnailUrl\":\"https:\\\/\\\/i0.wp.com\\\/legal-cosy.com\\\/wp-content\\\/uploads\\\/2025\\\/01\\\/pexels-n-voitkevich-6214471.jpg?fit=3869%2C5803&ssl=1\",\"datePublished\":\"2025-01-27T21:58:22+00:00\",\"dateModified\":\"2025-05-19T13:07:41+00:00\",\"breadcrumb\":{\"@id\":\"https:\\\/\\\/legal-cosy.com\\\/prawo-w-e-commerce\\\/#breadcrumb\"},\"inLanguage\":\"en-GB\",\"potentialAction\":[{\"@type\":\"ReadAction\",\"target\":[\"https:\\\/\\\/legal-cosy.com\\\/prawo-w-e-commerce\\\/\"]}]},{\"@type\":\"ImageObject\",\"inLanguage\":\"en-GB\",\"@id\":\"https:\\\/\\\/legal-cosy.com\\\/prawo-w-e-commerce\\\/#primaryimage\",\"url\":\"https:\\\/\\\/i0.wp.com\\\/legal-cosy.com\\\/wp-content\\\/uploads\\\/2025\\\/01\\\/pexels-n-voitkevich-6214471.jpg?fit=3869%2C5803&ssl=1\",\"contentUrl\":\"https:\\\/\\\/i0.wp.com\\\/legal-cosy.com\\\/wp-content\\\/uploads\\\/2025\\\/01\\\/pexels-n-voitkevich-6214471.jpg?fit=3869%2C5803&ssl=1\",\"width\":3869,\"height\":5803,\"caption\":\"Prawo w e-commerce\"},{\"@type\":\"BreadcrumbList\",\"@id\":\"https:\\\/\\\/legal-cosy.com\\\/prawo-w-e-commerce\\\/#breadcrumb\",\"itemListElement\":[{\"@type\":\"ListItem\",\"position\":1,\"name\":\"Strona g\u0142\u00f3wna\",\"item\":\"https:\\\/\\\/legal-cosy.com\\\/\"},{\"@type\":\"ListItem\",\"position\":2,\"name\":\"Prawo w e-commerce\"}]},{\"@type\":\"WebSite\",\"@id\":\"https:\\\/\\\/legal-cosy.com\\\/#website\",\"url\":\"https:\\\/\\\/legal-cosy.com\\\/\",\"name\":\"Legal & Cosy\",\"description\":\"Doradztwo w zakresie prawa korporacyjnego, reorganizacji dzia\u0142alno\u015bci, a tak\u017ce ochrony danych osobowych (RODO), e-commerce i merketingu\",\"publisher\":{\"@id\":\"https:\\\/\\\/legal-cosy.com\\\/#organization\"},\"potentialAction\":[{\"@type\":\"SearchAction\",\"target\":{\"@type\":\"EntryPoint\",\"urlTemplate\":\"https:\\\/\\\/legal-cosy.com\\\/?s={search_term_string}\"},\"query-input\":{\"@type\":\"PropertyValueSpecification\",\"valueRequired\":true,\"valueName\":\"search_term_string\"}}],\"inLanguage\":\"en-GB\"},{\"@type\":\"Organization\",\"@id\":\"https:\\\/\\\/legal-cosy.com\\\/#organization\",\"name\":\"Legal & Cosy Magdalena Podjacka Kancelaria Radcy Prawnego\",\"url\":\"https:\\\/\\\/legal-cosy.com\\\/\",\"logo\":{\"@type\":\"ImageObject\",\"inLanguage\":\"en-GB\",\"@id\":\"https:\\\/\\\/legal-cosy.com\\\/#\\\/schema\\\/logo\\\/image\\\/\",\"url\":\"https:\\\/\\\/i0.wp.com\\\/legal-cosy.com\\\/wp-content\\\/uploads\\\/2025\\\/01\\\/new-logo2-1.png?fit=5324%2C3332&ssl=1\",\"contentUrl\":\"https:\\\/\\\/i0.wp.com\\\/legal-cosy.com\\\/wp-content\\\/uploads\\\/2025\\\/01\\\/new-logo2-1.png?fit=5324%2C3332&ssl=1\",\"width\":5324,\"height\":3332,\"caption\":\"Legal & Cosy Magdalena Podjacka Kancelaria Radcy Prawnego\"},\"image\":{\"@id\":\"https:\\\/\\\/legal-cosy.com\\\/#\\\/schema\\\/logo\\\/image\\\/\"},\"sameAs\":[\"https:\\\/\\\/www.linkedin.com\\\/in\\\/magdalena-podjacka\\\/\"]}]}<\/script>\n<!-- \/ Yoast SEO plugin. -->","yoast_head_json":{"title":"Prawo w e-commerce - Legal &amp; Cosy","robots":{"index":"index","follow":"follow","max-snippet":"max-snippet:-1","max-image-preview":"max-image-preview:large","max-video-preview":"max-video-preview:-1"},"canonical":"https:\/\/legal-cosy.com\/en\/prawo-w-e-commerce\/","og_locale":"en_GB","og_type":"article","og_title":"Prawo w e-commerce - Legal &amp; Cosy","og_description":"Sprzedajesz online? Prowadzisz sklep internetowy, platform\u0119 lub oferujesz us\u0142ugi cyfrowe? A mo\u017ce dopiero przygotowujesz si\u0119 do rozpocz\u0119cia swojego biznesu? Zadbaj o to, \u017ceby Twoja dzia\u0142alno\u015b\u0107 by\u0142a zgodna z prawem \u2014 zanim zrobi to za Ciebie urz\u0105d albo niezadowolony klient. Prawo w e-commerce to prawdziwy g\u0105szcz przepis\u00f3w, w kt\u00f3rych czasem trudno si\u0119 odnale\u017a\u0107. Dlatego pomagam w\u0142a\u015bcicielom [&hellip;]","og_url":"https:\/\/legal-cosy.com\/en\/prawo-w-e-commerce\/","og_site_name":"Legal &amp; Cosy","article_modified_time":"2025-05-19T13:07:41+00:00","og_image":[{"url":"https:\/\/legal-cosy.com\/wp-content\/uploads\/2025\/01\/pexels-n-voitkevich-6214471.jpg","width":683,"height":1024,"type":"image\/jpeg"}],"twitter_card":"summary_large_image","twitter_misc":{"Estimated reading time":"3 minutes"},"schema":{"@context":"https:\/\/schema.org","@graph":[{"@type":"WebPage","@id":"https:\/\/legal-cosy.com\/prawo-w-e-commerce\/","url":"https:\/\/legal-cosy.com\/prawo-w-e-commerce\/","name":"Prawo w e-commerce - Legal &amp; Cosy","isPartOf":{"@id":"https:\/\/legal-cosy.com\/#website"},"primaryImageOfPage":{"@id":"https:\/\/legal-cosy.com\/prawo-w-e-commerce\/#primaryimage"},"image":{"@id":"https:\/\/legal-cosy.com\/prawo-w-e-commerce\/#primaryimage"},"thumbnailUrl":"https:\/\/i0.wp.com\/legal-cosy.com\/wp-content\/uploads\/2025\/01\/pexels-n-voitkevich-6214471.jpg?fit=3869%2C5803&ssl=1","datePublished":"2025-01-27T21:58:22+00:00","dateModified":"2025-05-19T13:07:41+00:00","breadcrumb":{"@id":"https:\/\/legal-cosy.com\/prawo-w-e-commerce\/#breadcrumb"},"inLanguage":"en-GB","potentialAction":[{"@type":"ReadAction","target":["https:\/\/legal-cosy.com\/prawo-w-e-commerce\/"]}]},{"@type":"ImageObject","inLanguage":"en-GB","@id":"https:\/\/legal-cosy.com\/prawo-w-e-commerce\/#primaryimage","url":"https:\/\/i0.wp.com\/legal-cosy.com\/wp-content\/uploads\/2025\/01\/pexels-n-voitkevich-6214471.jpg?fit=3869%2C5803&ssl=1","contentUrl":"https:\/\/i0.wp.com\/legal-cosy.com\/wp-content\/uploads\/2025\/01\/pexels-n-voitkevich-6214471.jpg?fit=3869%2C5803&ssl=1","width":3869,"height":5803,"caption":"Prawo w e-commerce"},{"@type":"BreadcrumbList","@id":"https:\/\/legal-cosy.com\/prawo-w-e-commerce\/#breadcrumb","itemListElement":[{"@type":"ListItem","position":1,"name":"Strona g\u0142\u00f3wna","item":"https:\/\/legal-cosy.com\/"},{"@type":"ListItem","position":2,"name":"Prawo w e-commerce"}]},{"@type":"WebSite","@id":"https:\/\/legal-cosy.com\/#website","url":"https:\/\/legal-cosy.com\/","name":"Legal & Cosy","description":"Doradztwo w zakresie prawa korporacyjnego, reorganizacji dzia\u0142alno\u015bci, a tak\u017ce ochrony danych osobowych (RODO), e-commerce i merketingu","publisher":{"@id":"https:\/\/legal-cosy.com\/#organization"},"potentialAction":[{"@type":"SearchAction","target":{"@type":"EntryPoint","urlTemplate":"https:\/\/legal-cosy.com\/?s={search_term_string}"},"query-input":{"@type":"PropertyValueSpecification","valueRequired":true,"valueName":"search_term_string"}}],"inLanguage":"en-GB"},{"@type":"Organization","@id":"https:\/\/legal-cosy.com\/#organization","name":"Legal & Cosy Magdalena Podjacka Kancelaria Radcy Prawnego","url":"https:\/\/legal-cosy.com\/","logo":{"@type":"ImageObject","inLanguage":"en-GB","@id":"https:\/\/legal-cosy.com\/#\/schema\/logo\/image\/","url":"https:\/\/i0.wp.com\/legal-cosy.com\/wp-content\/uploads\/2025\/01\/new-logo2-1.png?fit=5324%2C3332&ssl=1","contentUrl":"https:\/\/i0.wp.com\/legal-cosy.com\/wp-content\/uploads\/2025\/01\/new-logo2-1.png?fit=5324%2C3332&ssl=1","width":5324,"height":3332,"caption":"Legal & Cosy Magdalena Podjacka Kancelaria Radcy Prawnego"},"image":{"@id":"https:\/\/legal-cosy.com\/#\/schema\/logo\/image\/"},"sameAs":["https:\/\/www.linkedin.com\/in\/magdalena-podjacka\/"]}]}},"jetpack_likes_enabled":false,"jetpack_sharing_enabled":true,"jetpack_shortlink":"https:\/\/wp.me\/PgjC5b-2T","jetpack-related-posts":[],"_links":{"self":[{"href":"https:\/\/legal-cosy.com\/en\/wp-json\/wp\/v2\/pages\/179","targetHints":{"allow":["GET"]}}],"collection":[{"href":"https:\/\/legal-cosy.com\/en\/wp-json\/wp\/v2\/pages"}],"about":[{"href":"https:\/\/legal-cosy.com\/en\/wp-json\/wp\/v2\/types\/page"}],"author":[{"embeddable":true,"href":"https:\/\/legal-cosy.com\/en\/wp-json\/wp\/v2\/users\/261270560"}],"replies":[{"embeddable":true,"href":"https:\/\/legal-cosy.com\/en\/wp-json\/wp\/v2\/comments?post=179"}],"version-history":[{"count":7,"href":"https:\/\/legal-cosy.com\/en\/wp-json\/wp\/v2\/pages\/179\/revisions"}],"predecessor-version":[{"id":1352,"href":"https:\/\/legal-cosy.com\/en\/wp-json\/wp\/v2\/pages\/179\/revisions\/1352"}],"wp:featuredmedia":[{"embeddable":true,"href":"https:\/\/legal-cosy.com\/en\/wp-json\/wp\/v2\/media\/208"}],"wp:attachment":[{"href":"https:\/\/legal-cosy.com\/en\/wp-json\/wp\/v2\/media?parent=179"}],"curies":[{"name":"wp","href":"https:\/\/api.w.org\/{rel}","templated":true}]}}