{"id":320,"date":"2025-01-28T22:16:01","date_gmt":"2025-01-28T21:16:01","guid":{"rendered":"https:\/\/legal-cosy.com\/?page_id=320"},"modified":"2025-02-22T21:09:48","modified_gmt":"2025-02-22T20:09:48","slug":"prawo-marketingu","status":"publish","type":"page","link":"https:\/\/legal-cosy.com\/en\/prawo-marketingu\/","title":{"rendered":"Marketing law"},"content":{"rendered":"<div class=\"wp-block-cover cover-hover\"><img data-recalc-dims=\"1\" decoding=\"async\" width=\"5184\" height=\"3456\" data-attachment-id=\"197\" data-permalink=\"https:\/\/legal-cosy.com\/en\/pexels-daiangan-102127\/\" data-orig-file=\"https:\/\/i0.wp.com\/legal-cosy.com\/wp-content\/uploads\/2025\/01\/pexels-daiangan-102127.jpg?fit=5184%2C3456&amp;ssl=1\" data-orig-size=\"5184,3456\" data-comments-opened=\"1\" data-image-meta=\"{&quot;aperture&quot;:&quot;0&quot;,&quot;credit&quot;:&quot;&quot;,&quot;camera&quot;:&quot;&quot;,&quot;caption&quot;:&quot;&quot;,&quot;created_timestamp&quot;:&quot;0&quot;,&quot;copyright&quot;:&quot;&quot;,&quot;focal_length&quot;:&quot;0&quot;,&quot;iso&quot;:&quot;0&quot;,&quot;shutter_speed&quot;:&quot;0&quot;,&quot;title&quot;:&quot;&quot;,&quot;orientation&quot;:&quot;0&quot;}\" data-image-title=\"pexels-daiangan-102127\" data-image-description=\"&lt;p&gt;Prawo marketingu&lt;\/p&gt;\" data-image-caption=\"\" data-large-file=\"https:\/\/i0.wp.com\/legal-cosy.com\/wp-content\/uploads\/2025\/01\/pexels-daiangan-102127.jpg?fit=1024%2C683&amp;ssl=1\" class=\"wp-block-cover__image-background wp-image-197 size-full lazyload\" alt=\"Prawo marketingu\" data-src=\"https:\/\/i0.wp.com\/legal-cosy.com\/wp-content\/uploads\/2025\/01\/pexels-daiangan-102127.jpg?resize=5184%2C3456&#038;ssl=1\" data-object-fit=\"cover\" src=\"data:image\/svg+xml;base64,PHN2ZyB3aWR0aD0iMSIgaGVpZ2h0PSIxIiB4bWxucz0iaHR0cDovL3d3dy53My5vcmcvMjAwMC9zdmciPjwvc3ZnPg==\" style=\"--smush-placeholder-width: 5184px; --smush-placeholder-aspect-ratio: 5184\/3456;\" \/><span aria-hidden=\"true\" class=\"wp-block-cover__background has-background-dim\" style=\"background-color:#92775d\"><\/span><div class=\"wp-block-cover__inner-container is-layout-flow wp-block-cover-is-layout-flow\">\n<h1 class=\"wp-block-heading has-text-align-center has-x-large-font-size\">Marketing law<\/h1>\n<\/div><\/div>\n\n\n\n<div style=\"height:37px\" aria-hidden=\"true\" class=\"wp-block-spacer\"><\/div>\n\n\n\n<h2 class=\"wp-block-heading has-text-align-left\" style=\"font-size:1.5rem\">Marketing activities are of invaluable importance for every business. It is important that they are not only effective, but also meet your expectations and comply with the law. It is therefore worth planning the entire process properly from the very beginning so as not to expose yourself to negative consequences. The same applies to marketing agencies that implement marketing activities for their clients.<br><\/h2>\n\n\n\n<p class=\"wp-block-paragraph\">What exactly can I help you with?<\/p>\n\n\n\n<ul class=\"wp-block-list\">\n<li class=\"translation-block\">Preparing and verifying<strong> contracts regarding the implementation of marketing activities<\/strong> (both from the perspective of the marketing agency and clients);<\/li>\n\n\n\n<li class=\"translation-block\">preparing the content of <strong>marketing consents and messages<\/strong>;<\/li>\n\n\n\n<li>preparing and verifying <strong>contracts with influencers <\/strong>(both from the perspective of the influencer and the client);<\/li>\n\n\n\n<li class=\"translation-block\">preparing and verifying <strong>contracts with contractors or subcontractors<\/strong>;<\/li>\n\n\n\n<li class=\"translation-block\">preparing and verifying <strong>contracts oncopyrights and the use of image<\/strong>;<\/li>\n\n\n\n<li class=\"translation-block\">implementing personal data protection (<strong>GDPR<\/strong>) in planned marketing activities;<\/li>\n\n\n\n<li class=\"translation-block\">preparing <strong>regulations for promotional campaigns<\/strong>, competitions;<\/li>\n\n\n\n<li class=\"translation-block\"><strong>consultations regarding compliance with the law <\/strong>of planned marketing activities.<\/li>\n<\/ul>\n\n\n\n<div class=\"wp-block-buttons is-layout-flex wp-block-buttons-is-layout-flex\">\n<div class=\"wp-block-button\"><a class=\"wp-block-button__link wp-element-button\" href=\"https:\/\/legal-cosy.com\/en\/kontakt\/\">Book a call or meeting<\/a><\/div>\n<\/div>","protected":false},"excerpt":{"rendered":"<p>Dzia\u0142ania marketingowe maj\u0105 nieocenione znaczenie dla ka\u017cdej dzia\u0142alno\u015bci gospodarczej. Wa\u017cne jest, \u017ceby by\u0142y nie tylko skuteczne, ale i odpowiadaj\u0105ce Twoim oczekiwaniom oraz zgodne z prawem.&nbsp; Warto wi\u0119c ju\u017c na samym pocz\u0105tku odpowiednio zaplanowa\u0107 ca\u0142y proces, \u017ceby nie nara\u017ca\u0107 si\u0119 na negatywne konsekwencje. Podobnie jest w przypadku agencji marketingowych, kt\u00f3re wdra\u017caj\u0105 dzia\u0142ania marketingowe na rzecz swoich [&hellip;]<\/p>\n","protected":false},"author":261270560,"featured_media":197,"parent":0,"menu_order":0,"comment_status":"closed","ping_status":"closed","template":"","meta":{"_crdt_document":"","footnotes":""},"class_list":["post-320","page","type-page","status-publish","has-post-thumbnail","hentry"],"yoast_head":"<!-- This site is optimized with the Yoast SEO plugin v27.4 - https:\/\/yoast.com\/product\/yoast-seo-wordpress\/ -->\n<title>Prawo marketingu - Legal &amp; Cosy<\/title>\n<meta name=\"robots\" content=\"index, follow, max-snippet:-1, max-image-preview:large, max-video-preview:-1\" \/>\n<link rel=\"canonical\" href=\"https:\/\/legal-cosy.com\/en\/prawo-marketingu\/\" \/>\n<meta property=\"og:locale\" content=\"en_GB\" \/>\n<meta property=\"og:type\" content=\"article\" \/>\n<meta property=\"og:title\" content=\"Prawo marketingu - Legal &amp; Cosy\" \/>\n<meta property=\"og:description\" content=\"Dzia\u0142ania marketingowe maj\u0105 nieocenione znaczenie dla ka\u017cdej dzia\u0142alno\u015bci gospodarczej. Wa\u017cne jest, \u017ceby by\u0142y nie tylko skuteczne, ale i odpowiadaj\u0105ce Twoim oczekiwaniom oraz zgodne z prawem.&nbsp; Warto wi\u0119c ju\u017c na samym pocz\u0105tku odpowiednio zaplanowa\u0107 ca\u0142y proces, \u017ceby nie nara\u017ca\u0107 si\u0119 na negatywne konsekwencje. Podobnie jest w przypadku agencji marketingowych, kt\u00f3re wdra\u017caj\u0105 dzia\u0142ania marketingowe na rzecz swoich [&hellip;]\" \/>\n<meta property=\"og:url\" content=\"https:\/\/legal-cosy.com\/en\/prawo-marketingu\/\" \/>\n<meta property=\"og:site_name\" content=\"Legal &amp; Cosy\" \/>\n<meta property=\"article:modified_time\" content=\"2025-02-22T20:09:48+00:00\" \/>\n<meta property=\"og:image\" content=\"https:\/\/legal-cosy.com\/wp-content\/uploads\/2025\/01\/pexels-daiangan-102127.jpg\" \/>\n\t<meta property=\"og:image:width\" content=\"5184\" \/>\n\t<meta property=\"og:image:height\" content=\"3456\" \/>\n\t<meta property=\"og:image:type\" content=\"image\/jpeg\" \/>\n<meta name=\"twitter:card\" content=\"summary_large_image\" \/>\n<meta name=\"twitter:label1\" content=\"Estimated reading time\" \/>\n\t<meta name=\"twitter:data1\" content=\"2 minutes\" \/>\n<script type=\"application\/ld+json\" class=\"yoast-schema-graph\">{\"@context\":\"https:\\\/\\\/schema.org\",\"@graph\":[{\"@type\":\"WebPage\",\"@id\":\"https:\\\/\\\/legal-cosy.com\\\/prawo-marketingu\\\/\",\"url\":\"https:\\\/\\\/legal-cosy.com\\\/prawo-marketingu\\\/\",\"name\":\"Prawo marketingu - Legal &amp; Cosy\",\"isPartOf\":{\"@id\":\"https:\\\/\\\/legal-cosy.com\\\/#website\"},\"primaryImageOfPage\":{\"@id\":\"https:\\\/\\\/legal-cosy.com\\\/prawo-marketingu\\\/#primaryimage\"},\"image\":{\"@id\":\"https:\\\/\\\/legal-cosy.com\\\/prawo-marketingu\\\/#primaryimage\"},\"thumbnailUrl\":\"https:\\\/\\\/i0.wp.com\\\/legal-cosy.com\\\/wp-content\\\/uploads\\\/2025\\\/01\\\/pexels-daiangan-102127.jpg?fit=5184%2C3456&ssl=1\",\"datePublished\":\"2025-01-28T21:16:01+00:00\",\"dateModified\":\"2025-02-22T20:09:48+00:00\",\"breadcrumb\":{\"@id\":\"https:\\\/\\\/legal-cosy.com\\\/prawo-marketingu\\\/#breadcrumb\"},\"inLanguage\":\"en-GB\",\"potentialAction\":[{\"@type\":\"ReadAction\",\"target\":[\"https:\\\/\\\/legal-cosy.com\\\/prawo-marketingu\\\/\"]}]},{\"@type\":\"ImageObject\",\"inLanguage\":\"en-GB\",\"@id\":\"https:\\\/\\\/legal-cosy.com\\\/prawo-marketingu\\\/#primaryimage\",\"url\":\"https:\\\/\\\/i0.wp.com\\\/legal-cosy.com\\\/wp-content\\\/uploads\\\/2025\\\/01\\\/pexels-daiangan-102127.jpg?fit=5184%2C3456&ssl=1\",\"contentUrl\":\"https:\\\/\\\/i0.wp.com\\\/legal-cosy.com\\\/wp-content\\\/uploads\\\/2025\\\/01\\\/pexels-daiangan-102127.jpg?fit=5184%2C3456&ssl=1\",\"width\":5184,\"height\":3456,\"caption\":\"Prawo marketingu\"},{\"@type\":\"BreadcrumbList\",\"@id\":\"https:\\\/\\\/legal-cosy.com\\\/prawo-marketingu\\\/#breadcrumb\",\"itemListElement\":[{\"@type\":\"ListItem\",\"position\":1,\"name\":\"Strona g\u0142\u00f3wna\",\"item\":\"https:\\\/\\\/legal-cosy.com\\\/\"},{\"@type\":\"ListItem\",\"position\":2,\"name\":\"Prawo marketingu\"}]},{\"@type\":\"WebSite\",\"@id\":\"https:\\\/\\\/legal-cosy.com\\\/#website\",\"url\":\"https:\\\/\\\/legal-cosy.com\\\/\",\"name\":\"Legal & Cosy\",\"description\":\"Doradztwo w zakresie prawa korporacyjnego, reorganizacji dzia\u0142alno\u015bci, a tak\u017ce ochrony danych osobowych (RODO), e-commerce i merketingu\",\"publisher\":{\"@id\":\"https:\\\/\\\/legal-cosy.com\\\/#organization\"},\"potentialAction\":[{\"@type\":\"SearchAction\",\"target\":{\"@type\":\"EntryPoint\",\"urlTemplate\":\"https:\\\/\\\/legal-cosy.com\\\/?s={search_term_string}\"},\"query-input\":{\"@type\":\"PropertyValueSpecification\",\"valueRequired\":true,\"valueName\":\"search_term_string\"}}],\"inLanguage\":\"en-GB\"},{\"@type\":\"Organization\",\"@id\":\"https:\\\/\\\/legal-cosy.com\\\/#organization\",\"name\":\"Legal & Cosy Magdalena Podjacka Kancelaria Radcy Prawnego\",\"url\":\"https:\\\/\\\/legal-cosy.com\\\/\",\"logo\":{\"@type\":\"ImageObject\",\"inLanguage\":\"en-GB\",\"@id\":\"https:\\\/\\\/legal-cosy.com\\\/#\\\/schema\\\/logo\\\/image\\\/\",\"url\":\"https:\\\/\\\/i0.wp.com\\\/legal-cosy.com\\\/wp-content\\\/uploads\\\/2025\\\/01\\\/new-logo2-1.png?fit=5324%2C3332&ssl=1\",\"contentUrl\":\"https:\\\/\\\/i0.wp.com\\\/legal-cosy.com\\\/wp-content\\\/uploads\\\/2025\\\/01\\\/new-logo2-1.png?fit=5324%2C3332&ssl=1\",\"width\":5324,\"height\":3332,\"caption\":\"Legal & Cosy Magdalena Podjacka Kancelaria Radcy Prawnego\"},\"image\":{\"@id\":\"https:\\\/\\\/legal-cosy.com\\\/#\\\/schema\\\/logo\\\/image\\\/\"},\"sameAs\":[\"https:\\\/\\\/www.linkedin.com\\\/in\\\/magdalena-podjacka\\\/\"]}]}<\/script>\n<!-- \/ Yoast SEO plugin. -->","yoast_head_json":{"title":"Prawo marketingu - Legal &amp; Cosy","robots":{"index":"index","follow":"follow","max-snippet":"max-snippet:-1","max-image-preview":"max-image-preview:large","max-video-preview":"max-video-preview:-1"},"canonical":"https:\/\/legal-cosy.com\/en\/prawo-marketingu\/","og_locale":"en_GB","og_type":"article","og_title":"Prawo marketingu - Legal &amp; Cosy","og_description":"Dzia\u0142ania marketingowe maj\u0105 nieocenione znaczenie dla ka\u017cdej dzia\u0142alno\u015bci gospodarczej. Wa\u017cne jest, \u017ceby by\u0142y nie tylko skuteczne, ale i odpowiadaj\u0105ce Twoim oczekiwaniom oraz zgodne z prawem.&nbsp; Warto wi\u0119c ju\u017c na samym pocz\u0105tku odpowiednio zaplanowa\u0107 ca\u0142y proces, \u017ceby nie nara\u017ca\u0107 si\u0119 na negatywne konsekwencje. Podobnie jest w przypadku agencji marketingowych, kt\u00f3re wdra\u017caj\u0105 dzia\u0142ania marketingowe na rzecz swoich [&hellip;]","og_url":"https:\/\/legal-cosy.com\/en\/prawo-marketingu\/","og_site_name":"Legal &amp; Cosy","article_modified_time":"2025-02-22T20:09:48+00:00","og_image":[{"width":5184,"height":3456,"url":"https:\/\/legal-cosy.com\/wp-content\/uploads\/2025\/01\/pexels-daiangan-102127.jpg","type":"image\/jpeg"}],"twitter_card":"summary_large_image","twitter_misc":{"Estimated reading time":"2 minutes"},"schema":{"@context":"https:\/\/schema.org","@graph":[{"@type":"WebPage","@id":"https:\/\/legal-cosy.com\/prawo-marketingu\/","url":"https:\/\/legal-cosy.com\/prawo-marketingu\/","name":"Prawo marketingu - Legal &amp; Cosy","isPartOf":{"@id":"https:\/\/legal-cosy.com\/#website"},"primaryImageOfPage":{"@id":"https:\/\/legal-cosy.com\/prawo-marketingu\/#primaryimage"},"image":{"@id":"https:\/\/legal-cosy.com\/prawo-marketingu\/#primaryimage"},"thumbnailUrl":"https:\/\/i0.wp.com\/legal-cosy.com\/wp-content\/uploads\/2025\/01\/pexels-daiangan-102127.jpg?fit=5184%2C3456&ssl=1","datePublished":"2025-01-28T21:16:01+00:00","dateModified":"2025-02-22T20:09:48+00:00","breadcrumb":{"@id":"https:\/\/legal-cosy.com\/prawo-marketingu\/#breadcrumb"},"inLanguage":"en-GB","potentialAction":[{"@type":"ReadAction","target":["https:\/\/legal-cosy.com\/prawo-marketingu\/"]}]},{"@type":"ImageObject","inLanguage":"en-GB","@id":"https:\/\/legal-cosy.com\/prawo-marketingu\/#primaryimage","url":"https:\/\/i0.wp.com\/legal-cosy.com\/wp-content\/uploads\/2025\/01\/pexels-daiangan-102127.jpg?fit=5184%2C3456&ssl=1","contentUrl":"https:\/\/i0.wp.com\/legal-cosy.com\/wp-content\/uploads\/2025\/01\/pexels-daiangan-102127.jpg?fit=5184%2C3456&ssl=1","width":5184,"height":3456,"caption":"Prawo marketingu"},{"@type":"BreadcrumbList","@id":"https:\/\/legal-cosy.com\/prawo-marketingu\/#breadcrumb","itemListElement":[{"@type":"ListItem","position":1,"name":"Strona g\u0142\u00f3wna","item":"https:\/\/legal-cosy.com\/"},{"@type":"ListItem","position":2,"name":"Prawo marketingu"}]},{"@type":"WebSite","@id":"https:\/\/legal-cosy.com\/#website","url":"https:\/\/legal-cosy.com\/","name":"Legal & Cosy","description":"Doradztwo w zakresie prawa korporacyjnego, reorganizacji dzia\u0142alno\u015bci, a tak\u017ce ochrony danych osobowych (RODO), e-commerce i merketingu","publisher":{"@id":"https:\/\/legal-cosy.com\/#organization"},"potentialAction":[{"@type":"SearchAction","target":{"@type":"EntryPoint","urlTemplate":"https:\/\/legal-cosy.com\/?s={search_term_string}"},"query-input":{"@type":"PropertyValueSpecification","valueRequired":true,"valueName":"search_term_string"}}],"inLanguage":"en-GB"},{"@type":"Organization","@id":"https:\/\/legal-cosy.com\/#organization","name":"Legal & Cosy Magdalena Podjacka Kancelaria Radcy Prawnego","url":"https:\/\/legal-cosy.com\/","logo":{"@type":"ImageObject","inLanguage":"en-GB","@id":"https:\/\/legal-cosy.com\/#\/schema\/logo\/image\/","url":"https:\/\/i0.wp.com\/legal-cosy.com\/wp-content\/uploads\/2025\/01\/new-logo2-1.png?fit=5324%2C3332&ssl=1","contentUrl":"https:\/\/i0.wp.com\/legal-cosy.com\/wp-content\/uploads\/2025\/01\/new-logo2-1.png?fit=5324%2C3332&ssl=1","width":5324,"height":3332,"caption":"Legal & Cosy Magdalena Podjacka Kancelaria Radcy Prawnego"},"image":{"@id":"https:\/\/legal-cosy.com\/#\/schema\/logo\/image\/"},"sameAs":["https:\/\/www.linkedin.com\/in\/magdalena-podjacka\/"]}]}},"jetpack_likes_enabled":false,"jetpack_sharing_enabled":true,"jetpack_shortlink":"https:\/\/wp.me\/PgjC5b-5a","jetpack-related-posts":[],"_links":{"self":[{"href":"https:\/\/legal-cosy.com\/en\/wp-json\/wp\/v2\/pages\/320","targetHints":{"allow":["GET"]}}],"collection":[{"href":"https:\/\/legal-cosy.com\/en\/wp-json\/wp\/v2\/pages"}],"about":[{"href":"https:\/\/legal-cosy.com\/en\/wp-json\/wp\/v2\/types\/page"}],"author":[{"embeddable":true,"href":"https:\/\/legal-cosy.com\/en\/wp-json\/wp\/v2\/users\/261270560"}],"replies":[{"embeddable":true,"href":"https:\/\/legal-cosy.com\/en\/wp-json\/wp\/v2\/comments?post=320"}],"version-history":[{"count":5,"href":"https:\/\/legal-cosy.com\/en\/wp-json\/wp\/v2\/pages\/320\/revisions"}],"predecessor-version":[{"id":824,"href":"https:\/\/legal-cosy.com\/en\/wp-json\/wp\/v2\/pages\/320\/revisions\/824"}],"wp:featuredmedia":[{"embeddable":true,"href":"https:\/\/legal-cosy.com\/en\/wp-json\/wp\/v2\/media\/197"}],"wp:attachment":[{"href":"https:\/\/legal-cosy.com\/en\/wp-json\/wp\/v2\/media?parent=320"}],"curies":[{"name":"wp","href":"https:\/\/api.w.org\/{rel}","templated":true}]}}