{"id":421,"date":"2025-01-31T22:55:54","date_gmt":"2025-01-31T21:55:54","guid":{"rendered":"https:\/\/legal-cosy.com\/?page_id=421"},"modified":"2025-02-22T21:07:43","modified_gmt":"2025-02-22T20:07:43","slug":"polityka-prywatnosci-i-cookies","status":"publish","type":"page","link":"https:\/\/legal-cosy.com\/en\/polityka-prywatnosci-i-cookies\/","title":{"rendered":"Polityka prywatno\u015bci i cookies"},"content":{"rendered":"<h2 class=\"wp-block-heading has-text-align-center has-x-large-font-size\"><strong>Polityka prywatno\u015bci&nbsp;i cookies<\/strong><\/h2>\n\n\n\n<p class=\"wp-block-paragraph\">Twoja prywatno\u015b\u0107 jest dla mnie bardzo wa\u017cna. W poni\u017cszej polityce znajdziesz podstawowe informacje zwi\u0105zane z ochron\u0105 Twoich danych osobowych w ramach niniejszej strony internetowej, jak r\u00f3wnie\u017c jakie masz zwi\u0105zane z tym prawa i w jaki spos\u00f3b mo\u017cesz z nich korzysta\u0107.<\/p>\n\n\n\n<p class=\"wp-block-paragraph\">Przetwarzaj\u0105c Twoje dane, przestrzegam przepis\u00f3w RODO, czyli Rozporz\u0105dzenia Parlamentu Europejskiego i Rady (UE) 2016\/679 z dnia 27 kwietnia 2016 roku w sprawie ochrony os\u00f3b fizycznych w zwi\u0105zku z przetwarzaniem danych osobowych i w sprawie swobodnego przep\u0142ywu takich danych oraz uchylenia dyrektywy 95\/46\/WE (og\u00f3lne rozporz\u0105dzenie o ochronie danych), jak r\u00f3wnie\u017c innych w\u0142a\u015bciwych przepis\u00f3w.<\/p>\n\n\n\n<h3 class=\"wp-block-heading\">I. <strong>Polityka prywatno\u015bci<\/strong><\/h3>\n\n\n\n<h4 class=\"wp-block-heading\"><strong>1. Administrator<\/strong><\/h4>\n\n\n\n<p class=\"wp-block-paragraph\">Administratorem Twoich danych osobowych jest Legal &amp; Cosy Magdalena Podjacka Kancelaria Radcy Prawnego, ul. Powidoki 13, 62-080 Jankowice.<\/p>\n\n\n\n<p class=\"wp-block-paragraph\">Mo\u017cesz si\u0119 ze mn\u0105 skontaktowa\u0107, pisz\u0105c na adres e-mail: <a href=\"mailto:kontakt@legal-cosy.com\">kontakt@legal-cosy.com<\/a> lub listownie na wskazany powy\u017cej adres korespondencyjny.<\/p>\n\n\n\n<h4 class=\"wp-block-heading\"><strong>2. Cele przetwarzania danych osobowych<\/strong><\/h4>\n\n\n\n<p class=\"wp-block-paragraph\">Przetwarzam Twoje dane osobowe:<\/p>\n\n\n\n<ol class=\"wp-block-list\">\n<li>w celu udzielenia odpowiedzi na Twoje zg\u0142oszenie w formularzu kontaktowym, je\u017celi wy\u015blesz do mnie takie zg\u0142oszenie (podstaw\u0105 prawn\u0105 przetwarzania jest prawnie uzasadniony interes administratora, polegaj\u0105cy na mo\u017cliwo\u015bci skontaktowania si\u0119 z Tob\u0105 i udzielenia odpowiedzi),<\/li>\n\n\n\n<li>w celu dostarczania Ci wiadomo\u015bci w ramach newslettera, je\u015bli dokonasz odpowiedniego zapisu (podstaw\u0105 prawn\u0105 przetwarzania jest niezb\u0119dno\u015b\u0107 do wykonania umowy o dostarczanie tre\u015bci cyfrowych),<\/li>\n\n\n\n<li>w celu obs\u0142ugi i optymalizacji strony internetowej (podstaw\u0105 prawn\u0105 przetwarzania jest prawnie uzasadniony interes administratora, polegaj\u0105cy na obs\u0142udze strony internetowej i zapewnieniu jej optymalnego funkcjonowania).<\/li>\n<\/ol>\n\n\n\n<h4 class=\"wp-block-heading\"><strong>3. Jakie dane osobowe przetwarzam?<\/strong><\/h4>\n\n\n\n<p class=\"wp-block-paragraph\">Je\u017celi udost\u0119pnisz mi dodatkowe dane poprzez formularz kontaktowy lub zapisuj\u0105c si\u0119 na newsletter, mog\u0119 przetwarza\u0107 r\u00f3wnie\u017c dane osobowe w postaci imienia, adresu e-mail, tematu i tre\u015bci wiadomo\u015bci.<\/p>\n\n\n\n<p class=\"wp-block-paragraph\">Za po\u015brednictwem plik\u00f3w cookies mog\u0105 by\u0107 zbierane dane statystyczne dotycz\u0105ce zachowania u\u017cytkownika na stronie internetowej (np. czas odwiedzin, otwarte podstrony).<\/p>\n\n\n\n<h4 class=\"wp-block-heading\"><strong>4. Jak d\u0142ugo przechowuj\u0119 Twoje dane osobowe?<\/strong><\/h4>\n\n\n\n<p class=\"wp-block-paragraph\">Przechowuj\u0119 Twoje dane przez okres nie d\u0142u\u017cszy ni\u017c jest to niezb\u0119dne dla osi\u0105gni\u0119cia opisanych cel\u00f3w przetwarzania. Przechowuj\u0119 zatem Twoje dane osobowe:<\/p>\n\n\n\n<ol class=\"wp-block-list\">\n<li>przetwarzane w celu udzielenia odpowiedzi na Twoje zg\u0142oszenie w formularzu kontaktowym przez okres obs\u0142ugi zg\u0142oszenia oraz jego archiwizacji,<\/li>\n\n\n\n<li>przetwarzane w celu dostarczania Ci wiadomo\u015bci w ramach newslettera \u2013 przez czas obowi\u0105zywania umowy o dostarczanie tre\u015bci cyfrowych oraz czas archiwizacji.<\/li>\n<\/ol>\n\n\n\n<h4 class=\"wp-block-heading\"><strong>5. Kto mo\u017ce by\u0107 odbiorc\u0105 Twoich danych osobowych?<\/strong><\/h4>\n\n\n\n<p class=\"wp-block-paragraph\">Twoje dane osobowe mog\u0105 by\u0107 przetwarzane przez podmioty, z kt\u00f3rych us\u0142ug korzystam, w szczeg\u00f3lno\u015bci przez dostawc\u00f3w oprogramowania, dostawc\u0119 poczty elektronicznej, podmioty \u015bwiadcz\u0105ce us\u0142ugi informatyczne, us\u0142ugi ksi\u0119gowe lub doradcze. Twoje dane osobowe s\u0105 przekazywane jedynie w niezb\u0119dnym zakresie.<\/p>\n\n\n\n<h4 class=\"wp-block-heading\"><strong>6. Przekazywanie danych osobowych do pa\u0144stwa trzeciego (tj. pa\u0144stwa spoza Europejskiego Obszaru Gospodarczego) lub organizacji mi\u0119dzynarodowej<\/strong><\/h4>\n\n\n\n<p class=\"wp-block-paragraph\">Nie przekazuj\u0119 Twoich danych osobowych do pa\u0144stw trzecich (tj. pa\u0144stw spoza Europejskiego Obszaru Gospodarczego) ani do organizacji mi\u0119dzynarodowych.<\/p>\n\n\n\n<h4 class=\"wp-block-heading\"><strong>7. Przys\u0142uguj\u0105ce Ci prawa<\/strong><\/h4>\n\n\n\n<p class=\"wp-block-paragraph\">Przepisy RODO przyznaj\u0105 Ci nast\u0119puj\u0105ce prawa:<\/p>\n\n\n\n<ol class=\"wp-block-list\">\n<li>prawo dost\u0119pu do danych oraz otrzymania ich kopii \u2013 je\u017celi chcesz uzyska\u0107 informacje o przetwarzanych danych lub chcesz uzyska\u0107 ich kopi\u0119,&nbsp;<\/li>\n\n\n\n<li>prawo do sprostowania &nbsp;danych \u2013 je\u017celi uwa\u017casz, \u017ce s\u0105 nieprawid\u0142owe lub niekompletne,<\/li>\n\n\n\n<li>prawo do usuni\u0119cia danych \u2013 je\u017celi uwa\u017casz, \u017ce dane nie s\u0105 ju\u017c niezb\u0119dne do okre\u015blonych cel\u00f3w, przetwarzam je niezgodnie z prawem lub zosta\u0142 zg\u0142oszony sprzeciw,<\/li>\n\n\n\n<li>prawo do ograniczenia przetwarzania,&nbsp;<\/li>\n\n\n\n<li>prawo do wniesienia sprzeciwu wobec przetwarzania danych \u2013 z przyczyn zwi\u0105zanych z Twoj\u0105 szczeg\u00f3ln\u0105 sytuacj\u0105, je\u017celi Twoje dane s\u0105 przetwarzane na podstawie prawnie uzasadnionego interesu administratora,<\/li>\n\n\n\n<li>prawo do przenoszenia danych,<\/li>\n\n\n\n<li>prawo wniesienia skargi do organu nadzorczego (mo\u017cesz z\u0142o\u017cy\u0107 skarg\u0119 do Prezesa Urz\u0119du Ochrony Danych Osobowych).<\/li>\n<\/ol>\n\n\n\n<p class=\"wp-block-paragraph\">Wszystkie \u017c\u0105dania mo\u017cesz zg\u0142osi\u0107 bezpo\u015brednio administratorowi w spos\u00f3b okre\u015blony w punkcie 1. Polityki prywatno\u015bci.<\/p>\n\n\n\n<h4 class=\"wp-block-heading\"><strong>8.<\/strong> <strong>Czy podanie danych osobowych jest dobrowolne?<\/strong><\/h4>\n\n\n\n<p class=\"wp-block-paragraph\">Podanie danych osobowych w ramach formularza kontaktowego oraz zapisu na newsletter jest dobrowolne, ale jest konieczne do podj\u0119cia przez administratora odpowiednich dzia\u0142a\u0144 (skontaktowania si\u0119 z Tob\u0105 lub dostarczania tre\u015bci cyfrowych w postaci newslettera).<\/p>\n\n\n\n<h4 class=\"wp-block-heading\"><strong>9.<\/strong> <strong>Automatyczne podejmowanie decyzji<\/strong><\/h4>\n\n\n\n<p class=\"wp-block-paragraph\">Nie b\u0119d\u0119 podejmowa\u0107 wobec Ciebie decyzji, kt\u00f3re opiera\u0142yby si\u0119 wy\u0142\u0105cznie na zautomatyzowanym przetwarzaniu, w tym profilowaniu, i kt\u00f3re wywo\u0142ywa\u0142yby wobec Ciebie skutki prawne lub w inny podobny spos\u00f3b istotnie na Ciebie wp\u0142ywa\u0142y.<\/p>\n\n\n\n<h3 class=\"wp-block-heading\"><strong>II. Polityka cookies<\/strong><\/h3>\n\n\n\n<h4 class=\"wp-block-heading\"><strong>1. Czym s\u0105 pliki cookie?<\/strong><\/h4>\n\n\n\n<p class=\"wp-block-paragraph\">Pliki cookie (tzw. Ciasteczka) s\u0105 ma\u0142ymi danymi tekstowymi, kt\u00f3re mog\u0105 by\u0107 stosowane przez strony internetowe i przechowywane w Twoim urz\u0105dzeniu ko\u0144cowym (komputerze lub urz\u0105dzeniu mobilnym), aby usprawni\u0107 i zoptymalizowa\u0107 korzystanie ze strony internetowej.<\/p>\n\n\n\n<p class=\"wp-block-paragraph\">Wyr\u00f3\u017cniamy m.in. nast\u0119puj\u0105ce kategorie plik\u00f3w cookie:<\/p>\n\n\n\n<ul class=\"wp-block-list\">\n<li>niezb\u0119dne \u2013 przyczyniaj\u0105 si\u0119 do u\u017cyteczno\u015bci strony poprzez umo\u017cliwianie podstawowych funkcji, takich jak nawigacja na stronie i dost\u0119p do bezpiecznych obszar\u00f3w strony internetowej \u2013 strona internetowa nie mo\u017ce bez nich funkcjonowa\u0107 poprawnie;<\/li>\n\n\n\n<li>dotycz\u0105ce preferencji \u2013 umo\u017cliwiaj\u0105 stronie zapami\u0119tanie informacji, kt\u00f3re zmieniaj\u0105 wygl\u0105d lub funkcjonowanie strony, np. preferowany j\u0119zyk lub region, w kt\u00f3rym znajduje si\u0119 u\u017cytkownik;<\/li>\n\n\n\n<li>statystyczne \u2013 pomagaj\u0105 w\u0142a\u015bcicielom stron internetowych zrozumie\u0107, w jaki spos\u00f3b r\u00f3\u017cni u\u017cytkownicy zachowuj\u0105 si\u0119 na stronie, gromadz\u0105c i zg\u0142aszaj\u0105c anonimowe informacje;<\/li>\n\n\n\n<li>marketingowe: stosowane s\u0105 w celu \u015bledzenia u\u017cytkownik\u00f3w na stronach internetowych. Celem jest wy\u015bwietlanie reklam, kt\u00f3re s\u0105 istotne i interesuj\u0105ce dla poszczeg\u00f3lnych u\u017cytkownik\u00f3w.<\/li>\n<\/ul>\n\n\n\n<h4 class=\"wp-block-heading\"><strong>2. Jakie pliki cookie wykorzystuje ta strona internetowa?<\/strong><\/h4>\n\n\n\n<p class=\"wp-block-paragraph\">Niniejsza strona internetowa wykorzystuje nast\u0119puj\u0105ce pliki cookie:<\/p>\n\n\n\n<figure class=\"wp-block-table\"><table class=\"has-fixed-layout\"><tbody><tr><td><strong>Kategoria<\/strong><\/td><td><strong>Rodzaj<\/strong><\/td><td><strong>Maksymalny okres przechowywania<\/strong><\/td><td><strong>Dostawca<\/strong><\/td><\/tr><tr><td>&nbsp;<\/td><td>&nbsp;<\/td><td>&nbsp;<\/td><td>&nbsp;<\/td><\/tr><tr><td>Niezb\u0119dne<\/td><td>&nbsp; &nbsp; CookieConsent (Plik cookie http)<\/td><td>1 rok<\/td><td>Legal-cosy.com (ta strona internetowa)<\/td><\/tr><tr><td>Statystyczne<\/td><td>g.gif (\u015bledzenie pikseli)<\/td><td>sesja<\/td><td>WordPress.com (<a href=\"https:\/\/automattic.com\/privacy\/\" rel=\"nofollow\">https:\/\/automattic.com\/privacy\/<\/a>)<\/td><\/tr><tr><td rowspan=\"2\">Marketingowe<\/td><td>_ga (Plik cookie http)<\/td><td>2 lata<\/td><td rowspan=\"2\">Google (<a href=\"https:\/\/business.safety.google\/privacy\/\" rel=\"nofollow\">https:\/\/business.safety.google\/privacy\/<\/a>)<\/td><\/tr><tr><td>_ga_# (Plik cookie http)<\/td><td>2 lata<\/td><\/tr><\/tbody><\/table><\/figure>\n\n\n\n<h4 class=\"wp-block-heading\"><strong>3. Jaki masz wp\u0142yw na zbieranie plik\u00f3w cookie?<\/strong><\/h4>\n\n\n\n<p class=\"wp-block-paragraph\">Pliki cookie niezb\u0119dne do funkcjonowania strony mog\u0105 by\u0107 wykorzystywane niezale\u017cnie od Twojej zgody. W przypadku innych rodzaj\u00f3w plik\u00f3w cookie mo\u017cesz podj\u0105\u0107 decyzj\u0119, czy wyra\u017casz zgod\u0119 na ich wykorzystanie, czy chcesz je odrzuci\u0107. Mo\u017cesz te\u017c dostosowa\u0107 wykorzystanie cookies do w\u0142asnych preferencji.<\/p>","protected":false},"excerpt":{"rendered":"<p>Polityka prywatno\u015bci&nbsp;i cookies Twoja prywatno\u015b\u0107 jest dla mnie bardzo wa\u017cna. W poni\u017cszej polityce znajdziesz podstawowe informacje zwi\u0105zane z ochron\u0105 Twoich danych osobowych w ramach niniejszej strony internetowej, jak r\u00f3wnie\u017c jakie masz zwi\u0105zane z tym prawa i w jaki spos\u00f3b mo\u017cesz z nich korzysta\u0107. Przetwarzaj\u0105c Twoje dane, przestrzegam przepis\u00f3w RODO, czyli Rozporz\u0105dzenia Parlamentu Europejskiego i Rady [&hellip;]<\/p>\n","protected":false},"author":261270560,"featured_media":0,"parent":0,"menu_order":0,"comment_status":"closed","ping_status":"closed","template":"","meta":{"_crdt_document":"","footnotes":""},"class_list":["post-421","page","type-page","status-publish","hentry"],"yoast_head":"<!-- This site is optimized with the Yoast SEO plugin v27.4 - https:\/\/yoast.com\/product\/yoast-seo-wordpress\/ -->\n<title>Polityka prywatno\u015bci i cookies - Legal &amp; Cosy<\/title>\n<meta name=\"robots\" content=\"index, follow, max-snippet:-1, max-image-preview:large, max-video-preview:-1\" \/>\n<link rel=\"canonical\" href=\"https:\/\/legal-cosy.com\/en\/polityka-prywatnosci-i-cookies\/\" \/>\n<meta property=\"og:locale\" content=\"en_GB\" \/>\n<meta property=\"og:type\" content=\"article\" \/>\n<meta property=\"og:title\" content=\"Polityka prywatno\u015bci i cookies - Legal &amp; Cosy\" \/>\n<meta property=\"og:description\" content=\"Polityka prywatno\u015bci&nbsp;i cookies Twoja prywatno\u015b\u0107 jest dla mnie bardzo wa\u017cna. W poni\u017cszej polityce znajdziesz podstawowe informacje zwi\u0105zane z ochron\u0105 Twoich danych osobowych w ramach niniejszej strony internetowej, jak r\u00f3wnie\u017c jakie masz zwi\u0105zane z tym prawa i w jaki spos\u00f3b mo\u017cesz z nich korzysta\u0107. Przetwarzaj\u0105c Twoje dane, przestrzegam przepis\u00f3w RODO, czyli Rozporz\u0105dzenia Parlamentu Europejskiego i Rady [&hellip;]\" \/>\n<meta property=\"og:url\" content=\"https:\/\/legal-cosy.com\/en\/polityka-prywatnosci-i-cookies\/\" \/>\n<meta property=\"og:site_name\" content=\"Legal &amp; Cosy\" \/>\n<meta property=\"article:modified_time\" content=\"2025-02-22T20:07:43+00:00\" \/>\n<meta name=\"twitter:card\" content=\"summary_large_image\" \/>\n<meta name=\"twitter:label1\" content=\"Estimated reading time\" \/>\n\t<meta name=\"twitter:data1\" content=\"6 minutes\" \/>\n<script type=\"application\/ld+json\" class=\"yoast-schema-graph\">{\"@context\":\"https:\\\/\\\/schema.org\",\"@graph\":[{\"@type\":\"WebPage\",\"@id\":\"https:\\\/\\\/legal-cosy.com\\\/polityka-prywatnosci-i-cookies\\\/\",\"url\":\"https:\\\/\\\/legal-cosy.com\\\/polityka-prywatnosci-i-cookies\\\/\",\"name\":\"Polityka prywatno\u015bci i cookies - Legal &amp; Cosy\",\"isPartOf\":{\"@id\":\"https:\\\/\\\/legal-cosy.com\\\/#website\"},\"datePublished\":\"2025-01-31T21:55:54+00:00\",\"dateModified\":\"2025-02-22T20:07:43+00:00\",\"breadcrumb\":{\"@id\":\"https:\\\/\\\/legal-cosy.com\\\/polityka-prywatnosci-i-cookies\\\/#breadcrumb\"},\"inLanguage\":\"en-GB\",\"potentialAction\":[{\"@type\":\"ReadAction\",\"target\":[\"https:\\\/\\\/legal-cosy.com\\\/polityka-prywatnosci-i-cookies\\\/\"]}]},{\"@type\":\"BreadcrumbList\",\"@id\":\"https:\\\/\\\/legal-cosy.com\\\/polityka-prywatnosci-i-cookies\\\/#breadcrumb\",\"itemListElement\":[{\"@type\":\"ListItem\",\"position\":1,\"name\":\"Strona g\u0142\u00f3wna\",\"item\":\"https:\\\/\\\/legal-cosy.com\\\/\"},{\"@type\":\"ListItem\",\"position\":2,\"name\":\"Polityka prywatno\u015bci i cookies\"}]},{\"@type\":\"WebSite\",\"@id\":\"https:\\\/\\\/legal-cosy.com\\\/#website\",\"url\":\"https:\\\/\\\/legal-cosy.com\\\/\",\"name\":\"Legal & Cosy\",\"description\":\"Doradztwo w zakresie prawa korporacyjnego, reorganizacji dzia\u0142alno\u015bci, a tak\u017ce ochrony danych osobowych (RODO), e-commerce i merketingu\",\"publisher\":{\"@id\":\"https:\\\/\\\/legal-cosy.com\\\/#organization\"},\"potentialAction\":[{\"@type\":\"SearchAction\",\"target\":{\"@type\":\"EntryPoint\",\"urlTemplate\":\"https:\\\/\\\/legal-cosy.com\\\/?s={search_term_string}\"},\"query-input\":{\"@type\":\"PropertyValueSpecification\",\"valueRequired\":true,\"valueName\":\"search_term_string\"}}],\"inLanguage\":\"en-GB\"},{\"@type\":\"Organization\",\"@id\":\"https:\\\/\\\/legal-cosy.com\\\/#organization\",\"name\":\"Legal & Cosy Magdalena Podjacka Kancelaria Radcy Prawnego\",\"url\":\"https:\\\/\\\/legal-cosy.com\\\/\",\"logo\":{\"@type\":\"ImageObject\",\"inLanguage\":\"en-GB\",\"@id\":\"https:\\\/\\\/legal-cosy.com\\\/#\\\/schema\\\/logo\\\/image\\\/\",\"url\":\"https:\\\/\\\/i0.wp.com\\\/legal-cosy.com\\\/wp-content\\\/uploads\\\/2025\\\/01\\\/new-logo2-1.png?fit=5324%2C3332&ssl=1\",\"contentUrl\":\"https:\\\/\\\/i0.wp.com\\\/legal-cosy.com\\\/wp-content\\\/uploads\\\/2025\\\/01\\\/new-logo2-1.png?fit=5324%2C3332&ssl=1\",\"width\":5324,\"height\":3332,\"caption\":\"Legal & Cosy Magdalena Podjacka Kancelaria Radcy Prawnego\"},\"image\":{\"@id\":\"https:\\\/\\\/legal-cosy.com\\\/#\\\/schema\\\/logo\\\/image\\\/\"},\"sameAs\":[\"https:\\\/\\\/www.linkedin.com\\\/in\\\/magdalena-podjacka\\\/\"]}]}<\/script>\n<!-- \/ Yoast SEO plugin. -->","yoast_head_json":{"title":"Polityka prywatno\u015bci i cookies - Legal &amp; Cosy","robots":{"index":"index","follow":"follow","max-snippet":"max-snippet:-1","max-image-preview":"max-image-preview:large","max-video-preview":"max-video-preview:-1"},"canonical":"https:\/\/legal-cosy.com\/en\/polityka-prywatnosci-i-cookies\/","og_locale":"en_GB","og_type":"article","og_title":"Polityka prywatno\u015bci i cookies - Legal &amp; Cosy","og_description":"Polityka prywatno\u015bci&nbsp;i cookies Twoja prywatno\u015b\u0107 jest dla mnie bardzo wa\u017cna. W poni\u017cszej polityce znajdziesz podstawowe informacje zwi\u0105zane z ochron\u0105 Twoich danych osobowych w ramach niniejszej strony internetowej, jak r\u00f3wnie\u017c jakie masz zwi\u0105zane z tym prawa i w jaki spos\u00f3b mo\u017cesz z nich korzysta\u0107. Przetwarzaj\u0105c Twoje dane, przestrzegam przepis\u00f3w RODO, czyli Rozporz\u0105dzenia Parlamentu Europejskiego i Rady [&hellip;]","og_url":"https:\/\/legal-cosy.com\/en\/polityka-prywatnosci-i-cookies\/","og_site_name":"Legal &amp; Cosy","article_modified_time":"2025-02-22T20:07:43+00:00","twitter_card":"summary_large_image","twitter_misc":{"Estimated reading time":"6 minutes"},"schema":{"@context":"https:\/\/schema.org","@graph":[{"@type":"WebPage","@id":"https:\/\/legal-cosy.com\/polityka-prywatnosci-i-cookies\/","url":"https:\/\/legal-cosy.com\/polityka-prywatnosci-i-cookies\/","name":"Polityka prywatno\u015bci i cookies - Legal &amp; Cosy","isPartOf":{"@id":"https:\/\/legal-cosy.com\/#website"},"datePublished":"2025-01-31T21:55:54+00:00","dateModified":"2025-02-22T20:07:43+00:00","breadcrumb":{"@id":"https:\/\/legal-cosy.com\/polityka-prywatnosci-i-cookies\/#breadcrumb"},"inLanguage":"en-GB","potentialAction":[{"@type":"ReadAction","target":["https:\/\/legal-cosy.com\/polityka-prywatnosci-i-cookies\/"]}]},{"@type":"BreadcrumbList","@id":"https:\/\/legal-cosy.com\/polityka-prywatnosci-i-cookies\/#breadcrumb","itemListElement":[{"@type":"ListItem","position":1,"name":"Strona g\u0142\u00f3wna","item":"https:\/\/legal-cosy.com\/"},{"@type":"ListItem","position":2,"name":"Polityka prywatno\u015bci i cookies"}]},{"@type":"WebSite","@id":"https:\/\/legal-cosy.com\/#website","url":"https:\/\/legal-cosy.com\/","name":"Legal & Cosy","description":"Doradztwo w zakresie prawa korporacyjnego, reorganizacji dzia\u0142alno\u015bci, a tak\u017ce ochrony danych osobowych (RODO), e-commerce i merketingu","publisher":{"@id":"https:\/\/legal-cosy.com\/#organization"},"potentialAction":[{"@type":"SearchAction","target":{"@type":"EntryPoint","urlTemplate":"https:\/\/legal-cosy.com\/?s={search_term_string}"},"query-input":{"@type":"PropertyValueSpecification","valueRequired":true,"valueName":"search_term_string"}}],"inLanguage":"en-GB"},{"@type":"Organization","@id":"https:\/\/legal-cosy.com\/#organization","name":"Legal & Cosy Magdalena Podjacka Kancelaria Radcy Prawnego","url":"https:\/\/legal-cosy.com\/","logo":{"@type":"ImageObject","inLanguage":"en-GB","@id":"https:\/\/legal-cosy.com\/#\/schema\/logo\/image\/","url":"https:\/\/i0.wp.com\/legal-cosy.com\/wp-content\/uploads\/2025\/01\/new-logo2-1.png?fit=5324%2C3332&ssl=1","contentUrl":"https:\/\/i0.wp.com\/legal-cosy.com\/wp-content\/uploads\/2025\/01\/new-logo2-1.png?fit=5324%2C3332&ssl=1","width":5324,"height":3332,"caption":"Legal & Cosy Magdalena Podjacka Kancelaria Radcy Prawnego"},"image":{"@id":"https:\/\/legal-cosy.com\/#\/schema\/logo\/image\/"},"sameAs":["https:\/\/www.linkedin.com\/in\/magdalena-podjacka\/"]}]}},"jetpack_likes_enabled":false,"jetpack_sharing_enabled":true,"jetpack_shortlink":"https:\/\/wp.me\/PgjC5b-6N","jetpack-related-posts":[],"_links":{"self":[{"href":"https:\/\/legal-cosy.com\/en\/wp-json\/wp\/v2\/pages\/421","targetHints":{"allow":["GET"]}}],"collection":[{"href":"https:\/\/legal-cosy.com\/en\/wp-json\/wp\/v2\/pages"}],"about":[{"href":"https:\/\/legal-cosy.com\/en\/wp-json\/wp\/v2\/types\/page"}],"author":[{"embeddable":true,"href":"https:\/\/legal-cosy.com\/en\/wp-json\/wp\/v2\/users\/261270560"}],"replies":[{"embeddable":true,"href":"https:\/\/legal-cosy.com\/en\/wp-json\/wp\/v2\/comments?post=421"}],"version-history":[{"count":6,"href":"https:\/\/legal-cosy.com\/en\/wp-json\/wp\/v2\/pages\/421\/revisions"}],"predecessor-version":[{"id":731,"href":"https:\/\/legal-cosy.com\/en\/wp-json\/wp\/v2\/pages\/421\/revisions\/731"}],"wp:attachment":[{"href":"https:\/\/legal-cosy.com\/en\/wp-json\/wp\/v2\/media?parent=421"}],"curies":[{"name":"wp","href":"https:\/\/api.w.org\/{rel}","templated":true}]}}