{"id":50,"date":"2025-01-26T22:14:22","date_gmt":"2025-01-26T21:14:22","guid":{"rendered":"https:\/\/legal-cosy.com\/?page_id=50"},"modified":"2025-02-22T21:04:54","modified_gmt":"2025-02-22T20:04:54","slug":"kontakt","status":"publish","type":"page","link":"https:\/\/legal-cosy.com\/en\/kontakt\/","title":{"rendered":"Contact"},"content":{"rendered":"<div class=\"wp-block-group alignfull is-style-section-3 is-layout-flow wp-block-group-is-layout-flow\" style=\"margin-top:0;margin-bottom:0\">\n<div class=\"wp-block-media-text is-stacked-on-mobile is-image-fill-element\" style=\"grid-template-columns:51% auto\"><figure class=\"wp-block-media-text__media\"><img data-recalc-dims=\"1\" decoding=\"async\" width=\"683\" height=\"1024\" data-attachment-id=\"699\" data-permalink=\"https:\/\/legal-cosy.com\/en\/kontakt\/podjacka-magdalena-rb-3-1-2x3-2-2\/\" data-orig-file=\"https:\/\/i0.wp.com\/legal-cosy.com\/wp-content\/uploads\/2025\/02\/podjacka-magdalena-rb-3-1-2x3-2.jpg?fit=4724%2C7087&amp;ssl=1\" data-orig-size=\"4724,7087\" data-comments-opened=\"1\" data-image-meta=\"{&quot;aperture&quot;:&quot;13&quot;,&quot;credit&quot;:&quot;&quot;,&quot;camera&quot;:&quot;NIKON D5000&quot;,&quot;caption&quot;:&quot;&quot;,&quot;created_timestamp&quot;:&quot;1736956709&quot;,&quot;copyright&quot;:&quot;&quot;,&quot;focal_length&quot;:&quot;30&quot;,&quot;iso&quot;:&quot;200&quot;,&quot;shutter_speed&quot;:&quot;0.008&quot;,&quot;title&quot;:&quot;&quot;,&quot;orientation&quot;:&quot;1&quot;}\" data-image-title=\"podjacka magdalena rb (3) 1 2&amp;#215;3 (2)\" data-image-description=\"\" data-image-caption=\"\" data-large-file=\"https:\/\/i0.wp.com\/legal-cosy.com\/wp-content\/uploads\/2025\/02\/podjacka-magdalena-rb-3-1-2x3-2.jpg?fit=683%2C1024&amp;ssl=1\" data-src=\"https:\/\/i0.wp.com\/legal-cosy.com\/wp-content\/uploads\/2025\/02\/podjacka-magdalena-rb-3-1-2x3-2.jpg?resize=683%2C1024&#038;ssl=1\" alt=\"\" class=\"wp-image-699 size-full lazyload\" style=\"--smush-placeholder-width: 683px; --smush-placeholder-aspect-ratio: 683\/1024;object-position:53% 9%\" data-srcset=\"https:\/\/i0.wp.com\/legal-cosy.com\/wp-content\/uploads\/2025\/02\/podjacka-magdalena-rb-3-1-2x3-2.jpg?resize=683%2C1024&amp;ssl=1 683w, https:\/\/i0.wp.com\/legal-cosy.com\/wp-content\/uploads\/2025\/02\/podjacka-magdalena-rb-3-1-2x3-2.jpg?resize=200%2C300&amp;ssl=1 200w, https:\/\/i0.wp.com\/legal-cosy.com\/wp-content\/uploads\/2025\/02\/podjacka-magdalena-rb-3-1-2x3-2.jpg?resize=768%2C1152&amp;ssl=1 768w, https:\/\/i0.wp.com\/legal-cosy.com\/wp-content\/uploads\/2025\/02\/podjacka-magdalena-rb-3-1-2x3-2.jpg?resize=1024%2C1536&amp;ssl=1 1024w, https:\/\/i0.wp.com\/legal-cosy.com\/wp-content\/uploads\/2025\/02\/podjacka-magdalena-rb-3-1-2x3-2.jpg?resize=1365%2C2048&amp;ssl=1 1365w, https:\/\/i0.wp.com\/legal-cosy.com\/wp-content\/uploads\/2025\/02\/podjacka-magdalena-rb-3-1-2x3-2.jpg?resize=1200%2C1800&amp;ssl=1 1200w, https:\/\/i0.wp.com\/legal-cosy.com\/wp-content\/uploads\/2025\/02\/podjacka-magdalena-rb-3-1-2x3-2.jpg?w=2000&amp;ssl=1 2000w, https:\/\/i0.wp.com\/legal-cosy.com\/wp-content\/uploads\/2025\/02\/podjacka-magdalena-rb-3-1-2x3-2.jpg?w=3000&amp;ssl=1 3000w\" data-sizes=\"(max-width: 683px) 100vw, 683px\" src=\"data:image\/svg+xml;base64,PHN2ZyB3aWR0aD0iMSIgaGVpZ2h0PSIxIiB4bWxucz0iaHR0cDovL3d3dy53My5vcmcvMjAwMC9zdmciPjwvc3ZnPg==\" \/><\/figure><div class=\"wp-block-media-text__content\">\n<div class=\"wp-block-group is-layout-flow wp-container-core-group-is-layout-caa8caea wp-block-group-is-layout-flow\" style=\"padding-top:var(--wp--preset--spacing--40);padding-right:var(--wp--preset--spacing--30);padding-bottom:var(--wp--preset--spacing--40);padding-left:var(--wp--preset--spacing--30)\">\n<h2 class=\"wp-block-heading has-text-align-center has-x-large-font-size\">Leave me a message - I will contact you soon!<\/h2>\n\n\n<div class=\"wp-block-jetpack-contact-form is-style-default wp-elements-df0a0594f469ec5fa0d7e1b9e855309b\"><a href=\"https:\/\/legal-cosy.com\/en\/kontakt\/\" target=\"_blank\" rel=\"noopener noreferrer\">Submit a form.<\/a><\/div><\/div>\n<\/div><\/div>\n<\/div>\n\n\n\n<div style=\"height:51px\" aria-hidden=\"true\" class=\"wp-block-spacer\"><\/div>\n\n\n\n<h2 class=\"wp-block-heading has-text-align-center\">Feel free to contact me!<\/h2>\n\n\n\n<p class=\"has-text-align-center wp-block-paragraph\" style=\"line-height:2\"><a href=\"https:\/\/www.linkedin.com\/in\/magdalena-podjacka\/\">Magdalena Podjacka<\/a><br>Tel. <a href=\"tel:691303361\">691 303 361<\/a><br>e-mail: <a href=\"mailto:m.podjacka@legal-cosy.com\">m.podjacka@legal-cosy.com<\/a><\/p>","protected":false},"excerpt":{"rendered":"<p>Zostaw wiadomo\u015b\u0107 &#8211; odezw\u0119 si\u0119 wkr\u00f3tce! Zapraszam do kontaktu! Magdalena PodjackaTel. 691 303 361e-mail: m.podjacka@legal-cosy.com<\/p>","protected":false},"author":261270560,"featured_media":495,"parent":0,"menu_order":0,"comment_status":"closed","ping_status":"closed","template":"","meta":{"_crdt_document":"","footnotes":""},"class_list":["post-50","page","type-page","status-publish","has-post-thumbnail","hentry"],"yoast_head":"<!-- This site is optimized with the Yoast SEO plugin v27.4 - https:\/\/yoast.com\/product\/yoast-seo-wordpress\/ -->\n<title>Kontakt - Legal &amp; Cosy<\/title>\n<meta name=\"robots\" content=\"index, follow, max-snippet:-1, max-image-preview:large, max-video-preview:-1\" \/>\n<link rel=\"canonical\" href=\"https:\/\/legal-cosy.com\/en\/kontakt\/\" \/>\n<meta property=\"og:locale\" content=\"en_GB\" \/>\n<meta property=\"og:type\" content=\"article\" \/>\n<meta property=\"og:title\" content=\"Kontakt - Legal &amp; Cosy\" \/>\n<meta property=\"og:description\" content=\"Zostaw wiadomo\u015b\u0107 &#8211; odezw\u0119 si\u0119 wkr\u00f3tce! Zapraszam do kontaktu! Magdalena PodjackaTel. 691 303 361e-mail: m.podjacka@legal-cosy.com\" \/>\n<meta property=\"og:url\" content=\"https:\/\/legal-cosy.com\/en\/kontakt\/\" \/>\n<meta property=\"og:site_name\" content=\"Legal &amp; Cosy\" \/>\n<meta property=\"article:modified_time\" content=\"2025-02-22T20:04:54+00:00\" \/>\n<meta property=\"og:image\" content=\"https:\/\/legal-cosy.com\/wp-content\/uploads\/2025\/02\/podjacka-magdalena-rb-3-1-2x3-1-1024x716.jpg\" \/>\n\t<meta property=\"og:image:width\" content=\"1024\" \/>\n\t<meta property=\"og:image:height\" content=\"716\" \/>\n\t<meta property=\"og:image:type\" content=\"image\/jpeg\" \/>\n<meta name=\"twitter:card\" content=\"summary_large_image\" \/>\n<meta name=\"twitter:label1\" content=\"Estimated reading time\" \/>\n\t<meta name=\"twitter:data1\" content=\"1 minute\" \/>\n<script type=\"application\/ld+json\" class=\"yoast-schema-graph\">{\"@context\":\"https:\\\/\\\/schema.org\",\"@graph\":[{\"@type\":[\"WebPage\",\"ContactPage\"],\"@id\":\"https:\\\/\\\/legal-cosy.com\\\/kontakt\\\/\",\"url\":\"https:\\\/\\\/legal-cosy.com\\\/kontakt\\\/\",\"name\":\"Kontakt - Legal &amp; Cosy\",\"isPartOf\":{\"@id\":\"https:\\\/\\\/legal-cosy.com\\\/#website\"},\"primaryImageOfPage\":{\"@id\":\"https:\\\/\\\/legal-cosy.com\\\/kontakt\\\/#primaryimage\"},\"image\":{\"@id\":\"https:\\\/\\\/legal-cosy.com\\\/kontakt\\\/#primaryimage\"},\"thumbnailUrl\":\"https:\\\/\\\/i0.wp.com\\\/legal-cosy.com\\\/wp-content\\\/uploads\\\/2025\\\/02\\\/podjacka-magdalena-rb-3-1-2x3-1.jpg?fit=4110%2C2873&ssl=1\",\"datePublished\":\"2025-01-26T21:14:22+00:00\",\"dateModified\":\"2025-02-22T20:04:54+00:00\",\"breadcrumb\":{\"@id\":\"https:\\\/\\\/legal-cosy.com\\\/kontakt\\\/#breadcrumb\"},\"inLanguage\":\"en-GB\",\"potentialAction\":[{\"@type\":\"ReadAction\",\"target\":[\"https:\\\/\\\/legal-cosy.com\\\/kontakt\\\/\"]}]},{\"@type\":\"ImageObject\",\"inLanguage\":\"en-GB\",\"@id\":\"https:\\\/\\\/legal-cosy.com\\\/kontakt\\\/#primaryimage\",\"url\":\"https:\\\/\\\/i0.wp.com\\\/legal-cosy.com\\\/wp-content\\\/uploads\\\/2025\\\/02\\\/podjacka-magdalena-rb-3-1-2x3-1.jpg?fit=4110%2C2873&ssl=1\",\"contentUrl\":\"https:\\\/\\\/i0.wp.com\\\/legal-cosy.com\\\/wp-content\\\/uploads\\\/2025\\\/02\\\/podjacka-magdalena-rb-3-1-2x3-1.jpg?fit=4110%2C2873&ssl=1\",\"width\":4110,\"height\":2873},{\"@type\":\"BreadcrumbList\",\"@id\":\"https:\\\/\\\/legal-cosy.com\\\/kontakt\\\/#breadcrumb\",\"itemListElement\":[{\"@type\":\"ListItem\",\"position\":1,\"name\":\"Strona g\u0142\u00f3wna\",\"item\":\"https:\\\/\\\/legal-cosy.com\\\/\"},{\"@type\":\"ListItem\",\"position\":2,\"name\":\"Kontakt\"}]},{\"@type\":\"WebSite\",\"@id\":\"https:\\\/\\\/legal-cosy.com\\\/#website\",\"url\":\"https:\\\/\\\/legal-cosy.com\\\/\",\"name\":\"Legal & Cosy\",\"description\":\"Doradztwo w zakresie prawa korporacyjnego, reorganizacji dzia\u0142alno\u015bci, a tak\u017ce ochrony danych osobowych (RODO), e-commerce i merketingu\",\"publisher\":{\"@id\":\"https:\\\/\\\/legal-cosy.com\\\/#organization\"},\"potentialAction\":[{\"@type\":\"SearchAction\",\"target\":{\"@type\":\"EntryPoint\",\"urlTemplate\":\"https:\\\/\\\/legal-cosy.com\\\/?s={search_term_string}\"},\"query-input\":{\"@type\":\"PropertyValueSpecification\",\"valueRequired\":true,\"valueName\":\"search_term_string\"}}],\"inLanguage\":\"en-GB\"},{\"@type\":\"Organization\",\"@id\":\"https:\\\/\\\/legal-cosy.com\\\/#organization\",\"name\":\"Legal & Cosy Magdalena Podjacka Kancelaria Radcy Prawnego\",\"url\":\"https:\\\/\\\/legal-cosy.com\\\/\",\"logo\":{\"@type\":\"ImageObject\",\"inLanguage\":\"en-GB\",\"@id\":\"https:\\\/\\\/legal-cosy.com\\\/#\\\/schema\\\/logo\\\/image\\\/\",\"url\":\"https:\\\/\\\/i0.wp.com\\\/legal-cosy.com\\\/wp-content\\\/uploads\\\/2025\\\/01\\\/new-logo2-1.png?fit=5324%2C3332&ssl=1\",\"contentUrl\":\"https:\\\/\\\/i0.wp.com\\\/legal-cosy.com\\\/wp-content\\\/uploads\\\/2025\\\/01\\\/new-logo2-1.png?fit=5324%2C3332&ssl=1\",\"width\":5324,\"height\":3332,\"caption\":\"Legal & Cosy Magdalena Podjacka Kancelaria Radcy Prawnego\"},\"image\":{\"@id\":\"https:\\\/\\\/legal-cosy.com\\\/#\\\/schema\\\/logo\\\/image\\\/\"},\"sameAs\":[\"https:\\\/\\\/www.linkedin.com\\\/in\\\/magdalena-podjacka\\\/\"]}]}<\/script>\n<!-- \/ Yoast SEO plugin. -->","yoast_head_json":{"title":"Kontakt - Legal &amp; Cosy","robots":{"index":"index","follow":"follow","max-snippet":"max-snippet:-1","max-image-preview":"max-image-preview:large","max-video-preview":"max-video-preview:-1"},"canonical":"https:\/\/legal-cosy.com\/en\/kontakt\/","og_locale":"en_GB","og_type":"article","og_title":"Kontakt - Legal &amp; Cosy","og_description":"Zostaw wiadomo\u015b\u0107 &#8211; odezw\u0119 si\u0119 wkr\u00f3tce! Zapraszam do kontaktu! Magdalena PodjackaTel. 691 303 361e-mail: m.podjacka@legal-cosy.com","og_url":"https:\/\/legal-cosy.com\/en\/kontakt\/","og_site_name":"Legal &amp; Cosy","article_modified_time":"2025-02-22T20:04:54+00:00","og_image":[{"width":1024,"height":716,"url":"https:\/\/legal-cosy.com\/wp-content\/uploads\/2025\/02\/podjacka-magdalena-rb-3-1-2x3-1-1024x716.jpg","type":"image\/jpeg"}],"twitter_card":"summary_large_image","twitter_misc":{"Estimated reading time":"1 minute"},"schema":{"@context":"https:\/\/schema.org","@graph":[{"@type":["WebPage","ContactPage"],"@id":"https:\/\/legal-cosy.com\/kontakt\/","url":"https:\/\/legal-cosy.com\/kontakt\/","name":"Kontakt - Legal &amp; Cosy","isPartOf":{"@id":"https:\/\/legal-cosy.com\/#website"},"primaryImageOfPage":{"@id":"https:\/\/legal-cosy.com\/kontakt\/#primaryimage"},"image":{"@id":"https:\/\/legal-cosy.com\/kontakt\/#primaryimage"},"thumbnailUrl":"https:\/\/i0.wp.com\/legal-cosy.com\/wp-content\/uploads\/2025\/02\/podjacka-magdalena-rb-3-1-2x3-1.jpg?fit=4110%2C2873&ssl=1","datePublished":"2025-01-26T21:14:22+00:00","dateModified":"2025-02-22T20:04:54+00:00","breadcrumb":{"@id":"https:\/\/legal-cosy.com\/kontakt\/#breadcrumb"},"inLanguage":"en-GB","potentialAction":[{"@type":"ReadAction","target":["https:\/\/legal-cosy.com\/kontakt\/"]}]},{"@type":"ImageObject","inLanguage":"en-GB","@id":"https:\/\/legal-cosy.com\/kontakt\/#primaryimage","url":"https:\/\/i0.wp.com\/legal-cosy.com\/wp-content\/uploads\/2025\/02\/podjacka-magdalena-rb-3-1-2x3-1.jpg?fit=4110%2C2873&ssl=1","contentUrl":"https:\/\/i0.wp.com\/legal-cosy.com\/wp-content\/uploads\/2025\/02\/podjacka-magdalena-rb-3-1-2x3-1.jpg?fit=4110%2C2873&ssl=1","width":4110,"height":2873},{"@type":"BreadcrumbList","@id":"https:\/\/legal-cosy.com\/kontakt\/#breadcrumb","itemListElement":[{"@type":"ListItem","position":1,"name":"Strona g\u0142\u00f3wna","item":"https:\/\/legal-cosy.com\/"},{"@type":"ListItem","position":2,"name":"Kontakt"}]},{"@type":"WebSite","@id":"https:\/\/legal-cosy.com\/#website","url":"https:\/\/legal-cosy.com\/","name":"Legal & Cosy","description":"Doradztwo w zakresie prawa korporacyjnego, reorganizacji dzia\u0142alno\u015bci, a tak\u017ce ochrony danych osobowych (RODO), e-commerce i merketingu","publisher":{"@id":"https:\/\/legal-cosy.com\/#organization"},"potentialAction":[{"@type":"SearchAction","target":{"@type":"EntryPoint","urlTemplate":"https:\/\/legal-cosy.com\/?s={search_term_string}"},"query-input":{"@type":"PropertyValueSpecification","valueRequired":true,"valueName":"search_term_string"}}],"inLanguage":"en-GB"},{"@type":"Organization","@id":"https:\/\/legal-cosy.com\/#organization","name":"Legal & Cosy Magdalena Podjacka Kancelaria Radcy Prawnego","url":"https:\/\/legal-cosy.com\/","logo":{"@type":"ImageObject","inLanguage":"en-GB","@id":"https:\/\/legal-cosy.com\/#\/schema\/logo\/image\/","url":"https:\/\/i0.wp.com\/legal-cosy.com\/wp-content\/uploads\/2025\/01\/new-logo2-1.png?fit=5324%2C3332&ssl=1","contentUrl":"https:\/\/i0.wp.com\/legal-cosy.com\/wp-content\/uploads\/2025\/01\/new-logo2-1.png?fit=5324%2C3332&ssl=1","width":5324,"height":3332,"caption":"Legal & Cosy Magdalena Podjacka Kancelaria Radcy Prawnego"},"image":{"@id":"https:\/\/legal-cosy.com\/#\/schema\/logo\/image\/"},"sameAs":["https:\/\/www.linkedin.com\/in\/magdalena-podjacka\/"]}]}},"jetpack_likes_enabled":false,"jetpack_sharing_enabled":true,"jetpack_shortlink":"https:\/\/wp.me\/PgjC5b-O","jetpack-related-posts":[],"_links":{"self":[{"href":"https:\/\/legal-cosy.com\/en\/wp-json\/wp\/v2\/pages\/50","targetHints":{"allow":["GET"]}}],"collection":[{"href":"https:\/\/legal-cosy.com\/en\/wp-json\/wp\/v2\/pages"}],"about":[{"href":"https:\/\/legal-cosy.com\/en\/wp-json\/wp\/v2\/types\/page"}],"author":[{"embeddable":true,"href":"https:\/\/legal-cosy.com\/en\/wp-json\/wp\/v2\/users\/261270560"}],"replies":[{"embeddable":true,"href":"https:\/\/legal-cosy.com\/en\/wp-json\/wp\/v2\/comments?post=50"}],"version-history":[{"count":30,"href":"https:\/\/legal-cosy.com\/en\/wp-json\/wp\/v2\/pages\/50\/revisions"}],"predecessor-version":[{"id":708,"href":"https:\/\/legal-cosy.com\/en\/wp-json\/wp\/v2\/pages\/50\/revisions\/708"}],"wp:featuredmedia":[{"embeddable":true,"href":"https:\/\/legal-cosy.com\/en\/wp-json\/wp\/v2\/media\/495"}],"wp:attachment":[{"href":"https:\/\/legal-cosy.com\/en\/wp-json\/wp\/v2\/media?parent=50"}],"curies":[{"name":"wp","href":"https:\/\/api.w.org\/{rel}","templated":true}]}}